{"id":650,"date":"2025-04-07T09:00:25","date_gmt":"2025-04-07T07:00:25","guid":{"rendered":"https:\/\/www.oegv-leobersdorf.at\/?page_id=650"},"modified":"2026-02-01T20:49:19","modified_gmt":"2026-02-01T19:49:19","slug":"kontakt","status":"publish","type":"page","link":"https:\/\/www.oegv-leobersdorf.at\/?page_id=650","title":{"rendered":"Kontakt"},"content":{"rendered":"\n<h3 class=\"wp-block-heading\"><strong>Wir freuen uns auf Ihre Nachricht!<\/strong><\/h3>\n\n\n\n<p>Sie haben Fragen zu unseren Kursen, m\u00f6chten eine Schnupperstunde vereinbaren oder einfach mehr \u00fcber unseren Verein erfahren? Wir sind gerne f\u00fcr Sie da!<\/p>\n\n\n\n<h5 class=\"wp-block-heading\"><strong>So erreichen Sie uns:<\/strong><\/h5>\n\n\n\n<p><strong>\u00d6GV Leobersdorf<\/strong><br>Obmann: Erwin Schonaklener<br>Enzesfelderstra\u00dfe 35<br>2544 Leobersdorf<br>\u00d6sterreich<\/p>\n\n\n\n<p><strong>Telefon:<\/strong> +43 664 1588003<br><strong>E-Mail:<\/strong> <a href=\"mailto:buero@oegv-leobersdorf.at\">buero@oegv-leobersdorf.at<\/a><br><strong>Website:<\/strong> <a href=\"http:\/\/www.oegv-leobersdorf.at\">www.oegv-leobersdorf.at<\/a><\/p>\n\n\n\n<hr class=\"wp-block-separator has-alpha-channel-opacity\"\/>\n\n\n\n<h5 class=\"wp-block-heading\"><strong>Trainingszeiten<\/strong><\/h5>\n\n\n\n<p>Am besten lernen Sie uns bei einer unserer Trainingsstunden kennen! Schauen Sie einfach vorbei \u2013 unsere Trainer nehmen sich gerne Zeit f\u00fcr ein pers\u00f6nliches Gespr\u00e4ch.<\/p>\n\n\n\n<div class=\"wp-block-buttons is-layout-flex wp-block-buttons-is-layout-flex\">\n<div class=\"wp-block-button\"><a class=\"wp-block-button__link wp-element-button\" href=\"https:\/\/www.oegv-leobersdorf.at\/?page_id=14\">Kursplan Unterordnung<\/a><\/div>\n\n\n\n<div class=\"wp-block-button\"><a class=\"wp-block-button__link wp-element-button\" href=\"https:\/\/www.oegv-leobersdorf.at\/?page_id=125\">Kursplan Agility<\/a><\/div>\n<\/div>\n\n\n\n<p><\/p>\n\n\n\n<hr class=\"wp-block-separator has-alpha-channel-opacity\"\/>\n\n\n\n<h5 class=\"wp-block-heading\"><strong>Anfahrt<\/strong><\/h5>\n\n\n\n<p>Unser Trainingsgel\u00e4nde finden Sie in Leobersdorf an der Enzesfelderstra\u00dfe 35. Parkpl\u00e4tze sind direkt vor Ort vorhanden.<\/p>\n\n\n\n<iframe src=\"https:\/\/www.google.com\/maps\/embed?pb=!1m18!1m12!1m3!1d8187.343554723854!2d16.188515143367898!3d47.92829182183269!2m3!1f0!2f0!3f0!3m2!1i1024!2i768!4f13.1!3m3!1m2!1s0x476db7aa03aac9af%3A0x3e0745c7bd3df7d!2s%C3%96GV%20Leobersdorf!5e1!3m2!1sde!2sat!4v1769957684153!5m2!1sde!2sat\" width=\"600\" height=\"450\" style=\"border:0;\" allowfullscreen=\"\" loading=\"lazy\" referrerpolicy=\"no-referrer-when-downgrade\"><\/iframe>\n\n\n\n<hr class=\"wp-block-separator has-alpha-channel-opacity\"\/>\n\n\n\n<p><strong>Wir freuen uns darauf, Sie und Ihren Vierbeiner kennenzulernen!<\/strong><\/p>\n\n\n\n<p><\/p>\n","protected":false},"excerpt":{"rendered":"<p>Wir freuen uns auf Ihre Nachricht! Sie haben Fragen zu unseren Kursen, m\u00f6chten eine Schnupperstunde vereinbaren oder einfach mehr \u00fcber unseren Verein erfahren? Wir sind gerne f\u00fcr Sie da! So erreichen Sie uns: \u00d6GV LeobersdorfObmann: Erwin SchonaklenerEnzesfelderstra\u00dfe 352544 Leobersdorf\u00d6sterreich Telefon: +43 664 1588003E-Mail: buero@oegv-leobersdorf.atWebsite: www.oegv-leobersdorf.at Trainingszeiten Am besten lernen Sie uns bei einer unserer Trainingsstunden kennen! Schauen Sie einfach vorbei \u2013 unsere Trainer nehmen sich gerne Zeit f\u00fcr ein pers\u00f6nliches Gespr\u00e4ch. Anfahrt Unser Trainingsgel\u00e4nde finden Sie in Leobersdorf an der Enzesfelderstra\u00dfe 35. Parkpl\u00e4tze sind direkt vor Ort vorhanden. Wir freuen uns darauf, Sie und Ihren Vierbeiner kennenzulernen!<\/p>\n","protected":false},"author":1,"featured_media":0,"parent":0,"menu_order":0,"comment_status":"closed","ping_status":"closed","template":"","meta":{"footnotes":""},"class_list":["post-650","page","type-page","status-publish"],"_links":{"self":[{"href":"https:\/\/www.oegv-leobersdorf.at\/index.php?rest_route=\/wp\/v2\/pages\/650","targetHints":{"allow":["GET"]}}],"collection":[{"href":"https:\/\/www.oegv-leobersdorf.at\/index.php?rest_route=\/wp\/v2\/pages"}],"about":[{"href":"https:\/\/www.oegv-leobersdorf.at\/index.php?rest_route=\/wp\/v2\/types\/page"}],"author":[{"embeddable":true,"href":"https:\/\/www.oegv-leobersdorf.at\/index.php?rest_route=\/wp\/v2\/users\/1"}],"replies":[{"embeddable":true,"href":"https:\/\/www.oegv-leobersdorf.at\/index.php?rest_route=%2Fwp%2Fv2%2Fcomments&post=650"}],"version-history":[{"count":30,"href":"https:\/\/www.oegv-leobersdorf.at\/index.php?rest_route=\/wp\/v2\/pages\/650\/revisions"}],"predecessor-version":[{"id":1122,"href":"https:\/\/www.oegv-leobersdorf.at\/index.php?rest_route=\/wp\/v2\/pages\/650\/revisions\/1122"}],"wp:attachment":[{"href":"https:\/\/www.oegv-leobersdorf.at\/index.php?rest_route=%2Fwp%2Fv2%2Fmedia&parent=650"}],"curies":[{"name":"wp","href":"https:\/\/api.w.org\/{rel}","templated":true}]}}