{"id":626,"date":"2026-02-01T13:32:38","date_gmt":"2026-02-01T12:32:38","guid":{"rendered":"https:\/\/www.oegv-leobersdorf.at\/?page_id=626"},"modified":"2026-03-28T15:17:28","modified_gmt":"2026-03-28T14:17:28","slug":"unsere-trainer","status":"publish","type":"page","link":"https:\/\/www.oegv-leobersdorf.at\/?page_id=626","title":{"rendered":"Unser Ausbildungsteam"},"content":{"rendered":"\n<h3 class=\"wp-block-heading\">Unsere Kursleiter und Kursleiterinnen<\/h3>\n\n\n\n<figure class=\"wp-block-image size-large\"><img loading=\"lazy\" decoding=\"async\" width=\"1024\" height=\"683\" src=\"https:\/\/www.oegv-leobersdorf.at\/wp-content\/uploads\/WhatsApp-Image-2026-02-01-at-20.09.34-1-1024x683.jpeg\" alt=\"\" class=\"wp-image-1173\" srcset=\"https:\/\/www.oegv-leobersdorf.at\/wp-content\/uploads\/WhatsApp-Image-2026-02-01-at-20.09.34-1-1024x683.jpeg 1024w, https:\/\/www.oegv-leobersdorf.at\/wp-content\/uploads\/WhatsApp-Image-2026-02-01-at-20.09.34-1-500x333.jpeg 500w, https:\/\/www.oegv-leobersdorf.at\/wp-content\/uploads\/WhatsApp-Image-2026-02-01-at-20.09.34-1-300x200.jpeg 300w, https:\/\/www.oegv-leobersdorf.at\/wp-content\/uploads\/WhatsApp-Image-2026-02-01-at-20.09.34-1-768x512.jpeg 768w, https:\/\/www.oegv-leobersdorf.at\/wp-content\/uploads\/WhatsApp-Image-2026-02-01-at-20.09.34-1.jpeg 1536w\" sizes=\"auto, (max-width: 1024px) 100vw, 1024px\" \/><\/figure>\n\n\n\n<div class=\"wp-block-media-text has-media-on-the-right is-stacked-on-mobile\"><div class=\"wp-block-media-text__content\">\n<h5 class=\"wp-block-heading\">Erwin Schonaklener<br>\u00d6KV Trainer<\/h5>\n\n\n\n<p>Mit Herz und Verstand f\u00fchrt Erwin unseren Verein und trainiert mit Begeisterung Hunde aller Ausbildungsstufen \u2013 vom verspielten Junghund bis zum ambitionierten Sportteam. Seine Expertise reicht von Breitensport \u00fcber Listenhunde bis zu IBGH 2\/3.&nbsp;<\/p>\n<\/div><figure class=\"wp-block-media-text__media\"><img loading=\"lazy\" decoding=\"async\" width=\"1024\" height=\"1536\" src=\"https:\/\/www.oegv-leobersdorf.at\/wp-content\/uploads\/WhatsApp-Image-2026-01-31-at-07.36.43.jpeg\" alt=\"\" class=\"wp-image-1156 size-full\" srcset=\"https:\/\/www.oegv-leobersdorf.at\/wp-content\/uploads\/WhatsApp-Image-2026-01-31-at-07.36.43.jpeg 1024w, https:\/\/www.oegv-leobersdorf.at\/wp-content\/uploads\/WhatsApp-Image-2026-01-31-at-07.36.43-500x750.jpeg 500w, https:\/\/www.oegv-leobersdorf.at\/wp-content\/uploads\/WhatsApp-Image-2026-01-31-at-07.36.43-300x450.jpeg 300w, https:\/\/www.oegv-leobersdorf.at\/wp-content\/uploads\/WhatsApp-Image-2026-01-31-at-07.36.43-768x1152.jpeg 768w\" sizes=\"auto, (max-width: 1024px) 100vw, 1024px\" \/><\/figure><\/div>\n\n\n\n<div class=\"wp-block-media-text is-stacked-on-mobile\"><figure class=\"wp-block-media-text__media\"><img loading=\"lazy\" decoding=\"async\" width=\"1024\" height=\"1536\" src=\"https:\/\/www.oegv-leobersdorf.at\/wp-content\/uploads\/WhatsApp-Image-2026-01-31-at-05.50.29.jpeg\" alt=\"\" class=\"wp-image-1158 size-full\" srcset=\"https:\/\/www.oegv-leobersdorf.at\/wp-content\/uploads\/WhatsApp-Image-2026-01-31-at-05.50.29.jpeg 1024w, https:\/\/www.oegv-leobersdorf.at\/wp-content\/uploads\/WhatsApp-Image-2026-01-31-at-05.50.29-500x750.jpeg 500w, https:\/\/www.oegv-leobersdorf.at\/wp-content\/uploads\/WhatsApp-Image-2026-01-31-at-05.50.29-300x450.jpeg 300w, https:\/\/www.oegv-leobersdorf.at\/wp-content\/uploads\/WhatsApp-Image-2026-01-31-at-05.50.29-768x1152.jpeg 768w\" sizes=\"auto, (max-width: 1024px) 100vw, 1024px\" \/><\/figure><div class=\"wp-block-media-text__content\">\n<h5 class=\"wp-block-heading\">Ilse Vysata<br>FH1, Therapiehundepr\u00fcfung, OB 1+2, ROB 1+2, IPO 2, IBGH 3<br><\/h5>\n\n\n\n<p>Von den ersten tapsigen Schritten der Welpen bis zur Begleithundepr\u00fcfung \u2013 Ilse begleitet Mensch-Hund-Teams mit Herz und Know-how. Ob Junghunde, IBGH-1 oder Rally Obedience, bei ihr sind alle in guten H\u00e4nden.&nbsp;Seit 2007 unterst\u00fctzt sie auch tatkr\u00e4ftig den Vorstand.<\/p>\n<\/div><\/div>\n\n\n\n<div class=\"wp-block-media-text has-media-on-the-right is-stacked-on-mobile\"><div class=\"wp-block-media-text__content\">\n<h5 class=\"wp-block-heading\">Mercedes Lajtos<br>Kursleiterin Unterordnung<\/h5>\n\n\n\n<p>Langj\u00e4hrige Erfahrung im Hundesport pr\u00e4gt Mercedes&#8216; Training \u2013 von den ersten Welpenwochen bis zu IBGH 3. Als aktive Hundesportlerin wei\u00df sie genau, worauf es ankommt und begleitet Teams mit Leidenschaft auf ihrem Weg.<\/p>\n<\/div><figure class=\"wp-block-media-text__media\"><img loading=\"lazy\" decoding=\"async\" width=\"1024\" height=\"1536\" src=\"https:\/\/www.oegv-leobersdorf.at\/wp-content\/uploads\/WhatsApp-Image-2026-01-31-at-07.36.43-1.jpeg\" alt=\"\" class=\"wp-image-1160 size-full\" srcset=\"https:\/\/www.oegv-leobersdorf.at\/wp-content\/uploads\/WhatsApp-Image-2026-01-31-at-07.36.43-1.jpeg 1024w, https:\/\/www.oegv-leobersdorf.at\/wp-content\/uploads\/WhatsApp-Image-2026-01-31-at-07.36.43-1-500x750.jpeg 500w, https:\/\/www.oegv-leobersdorf.at\/wp-content\/uploads\/WhatsApp-Image-2026-01-31-at-07.36.43-1-300x450.jpeg 300w, https:\/\/www.oegv-leobersdorf.at\/wp-content\/uploads\/WhatsApp-Image-2026-01-31-at-07.36.43-1-768x1152.jpeg 768w\" sizes=\"auto, (max-width: 1024px) 100vw, 1024px\" \/><\/figure><\/div>\n\n\n\n<div class=\"wp-block-media-text is-stacked-on-mobile\"><figure class=\"wp-block-media-text__media\"><img loading=\"lazy\" decoding=\"async\" width=\"1024\" height=\"1536\" src=\"https:\/\/www.oegv-leobersdorf.at\/wp-content\/uploads\/WhatsApp-Image-2026-01-31-at-06.18.30.jpeg\" alt=\"\" class=\"wp-image-1161 size-full\" srcset=\"https:\/\/www.oegv-leobersdorf.at\/wp-content\/uploads\/WhatsApp-Image-2026-01-31-at-06.18.30.jpeg 1024w, https:\/\/www.oegv-leobersdorf.at\/wp-content\/uploads\/WhatsApp-Image-2026-01-31-at-06.18.30-500x750.jpeg 500w, https:\/\/www.oegv-leobersdorf.at\/wp-content\/uploads\/WhatsApp-Image-2026-01-31-at-06.18.30-300x450.jpeg 300w, https:\/\/www.oegv-leobersdorf.at\/wp-content\/uploads\/WhatsApp-Image-2026-01-31-at-06.18.30-768x1152.jpeg 768w\" sizes=\"auto, (max-width: 1024px) 100vw, 1024px\" \/><\/figure><div class=\"wp-block-media-text__content\">\n<h5 class=\"wp-block-heading\">Victoria Stift<br>Kursleiterin Unterordnung<\/h5>\n\n\n\n<p>Victoria ist begeisterte Hundesportlerin und versteht die Herausforderungen ihrer Sch\u00fcler und Sch\u00fclerinnen aus eigener Erfahrung.\u00a0<\/p>\n<\/div><\/div>\n\n\n\n<div class=\"wp-block-media-text has-media-on-the-right is-stacked-on-mobile\"><div class=\"wp-block-media-text__content\">\n<h5 class=\"wp-block-heading\">Eugenie Lajtos<br>Kursleiterin Unterordnung<\/h5>\n\n\n\n<p>Mit jahrelanger Praxis im Hundesport kennt Eugenie jede Ausbildungsstufe von innen heraus. Sie trainiert alle Levels von Welpen bis IBGH 3 und ist selbst aktiv im Sport unterwegs \u2013 das macht ihr Training authentisch und praxisnah.<\/p>\n<\/div><figure class=\"wp-block-media-text__media\"><img loading=\"lazy\" decoding=\"async\" width=\"1024\" height=\"1536\" src=\"https:\/\/www.oegv-leobersdorf.at\/wp-content\/uploads\/WhatsApp-Image-2026-01-31-at-07.36.42.jpeg\" alt=\"\" class=\"wp-image-1162 size-full\" srcset=\"https:\/\/www.oegv-leobersdorf.at\/wp-content\/uploads\/WhatsApp-Image-2026-01-31-at-07.36.42.jpeg 1024w, https:\/\/www.oegv-leobersdorf.at\/wp-content\/uploads\/WhatsApp-Image-2026-01-31-at-07.36.42-500x750.jpeg 500w, https:\/\/www.oegv-leobersdorf.at\/wp-content\/uploads\/WhatsApp-Image-2026-01-31-at-07.36.42-300x450.jpeg 300w, https:\/\/www.oegv-leobersdorf.at\/wp-content\/uploads\/WhatsApp-Image-2026-01-31-at-07.36.42-768x1152.jpeg 768w\" sizes=\"auto, (max-width: 1024px) 100vw, 1024px\" \/><\/figure><\/div>\n\n\n\n<div class=\"wp-block-media-text is-stacked-on-mobile\"><figure class=\"wp-block-media-text__media\"><img loading=\"lazy\" decoding=\"async\" width=\"1024\" height=\"1537\" src=\"https:\/\/www.oegv-leobersdorf.at\/wp-content\/uploads\/WhatsApp-Image-2026-02-03-at-07.01.14-1-1024x1537.jpeg\" alt=\"\" class=\"wp-image-1239 size-full\" srcset=\"https:\/\/www.oegv-leobersdorf.at\/wp-content\/uploads\/WhatsApp-Image-2026-02-03-at-07.01.14-1-1024x1537.jpeg 1024w, https:\/\/www.oegv-leobersdorf.at\/wp-content\/uploads\/WhatsApp-Image-2026-02-03-at-07.01.14-1-500x750.jpeg 500w, https:\/\/www.oegv-leobersdorf.at\/wp-content\/uploads\/WhatsApp-Image-2026-02-03-at-07.01.14-1-300x450.jpeg 300w, https:\/\/www.oegv-leobersdorf.at\/wp-content\/uploads\/WhatsApp-Image-2026-02-03-at-07.01.14-1-768x1153.jpeg 768w, https:\/\/www.oegv-leobersdorf.at\/wp-content\/uploads\/WhatsApp-Image-2026-02-03-at-07.01.14-1-1023x1536.jpeg 1023w, https:\/\/www.oegv-leobersdorf.at\/wp-content\/uploads\/WhatsApp-Image-2026-02-03-at-07.01.14-1.jpeg 1066w\" sizes=\"auto, (max-width: 1024px) 100vw, 1024px\" \/><\/figure><div class=\"wp-block-media-text__content\">\n<h5 class=\"wp-block-heading\">Claudia Horvath<br>\u00d6KV Trainer Agility<\/h5>\n\n\n\n<p>Claudia ist mit Herz und Seele Agility-Trainerin. Mit viel Begeisterung und Fingerspitzengef\u00fchl bringt sie Teams bei, den Parcours nicht nur zu meistern, sondern dabei richtig Spa\u00df zu haben.<\/p>\n<\/div><\/div>\n\n\n\n<div class=\"wp-block-media-text has-media-on-the-right is-stacked-on-mobile\"><div class=\"wp-block-media-text__content\">\n<h5 class=\"wp-block-heading\">Carolina Cais<br>Kursleiterin Agility<\/h5>\n\n\n\n<p>Caro liebt die Dynamik und den Teamgeist im Agility. Sie trainiert mit Freude und Expertise alle Levels und unterst\u00fctzt ihre Teams dabei, Vertrauen aufzubauen und gemeinsam \u00fcber sich hinauszuwachsen.&nbsp;<strong><br><\/strong><\/p>\n<\/div><figure class=\"wp-block-media-text__media\"><img loading=\"lazy\" decoding=\"async\" width=\"1024\" height=\"1536\" src=\"https:\/\/www.oegv-leobersdorf.at\/wp-content\/uploads\/WhatsApp-Image-2026-01-31-at-07.40.13.jpeg\" alt=\"\" class=\"wp-image-1166 size-full\" srcset=\"https:\/\/www.oegv-leobersdorf.at\/wp-content\/uploads\/WhatsApp-Image-2026-01-31-at-07.40.13.jpeg 1024w, https:\/\/www.oegv-leobersdorf.at\/wp-content\/uploads\/WhatsApp-Image-2026-01-31-at-07.40.13-500x750.jpeg 500w, https:\/\/www.oegv-leobersdorf.at\/wp-content\/uploads\/WhatsApp-Image-2026-01-31-at-07.40.13-300x450.jpeg 300w, https:\/\/www.oegv-leobersdorf.at\/wp-content\/uploads\/WhatsApp-Image-2026-01-31-at-07.40.13-768x1152.jpeg 768w\" sizes=\"auto, (max-width: 1024px) 100vw, 1024px\" \/><\/figure><\/div>\n\n\n\n<div class=\"wp-block-media-text is-stacked-on-mobile\"><figure class=\"wp-block-media-text__media\"><img loading=\"lazy\" decoding=\"async\" width=\"1024\" height=\"1536\" src=\"https:\/\/www.oegv-leobersdorf.at\/wp-content\/uploads\/WhatsApp-Image-2026-02-02-at-06.14.31.jpeg\" alt=\"\" class=\"wp-image-1228 size-full\" srcset=\"https:\/\/www.oegv-leobersdorf.at\/wp-content\/uploads\/WhatsApp-Image-2026-02-02-at-06.14.31.jpeg 1024w, https:\/\/www.oegv-leobersdorf.at\/wp-content\/uploads\/WhatsApp-Image-2026-02-02-at-06.14.31-500x750.jpeg 500w, https:\/\/www.oegv-leobersdorf.at\/wp-content\/uploads\/WhatsApp-Image-2026-02-02-at-06.14.31-300x450.jpeg 300w, https:\/\/www.oegv-leobersdorf.at\/wp-content\/uploads\/WhatsApp-Image-2026-02-02-at-06.14.31-768x1152.jpeg 768w\" sizes=\"auto, (max-width: 1024px) 100vw, 1024px\" \/><\/figure><div class=\"wp-block-media-text__content\">\n<h5 class=\"wp-block-heading\">Jasmin Schmid<br>Kursleiterin Agility<\/h5>\n\n\n\n<p>Jasmin brennt f\u00fcr Agility und steckt mit ihrer Energie alle an. Ob erste Spr\u00fcnge oder anspruchsvolle Turnierl\u00e4ufe \u2013 sie begleitet jedes Team mit Geduld, K\u00f6nnen und einer gro\u00dfen Portion Spa\u00df am Sport.&nbsp;<\/p>\n<\/div><\/div>\n\n\n\n<p><\/p>\n","protected":false},"excerpt":{"rendered":"<p>Unsere Kursleiter und Kursleiterinnen Erwin Schonaklener\u00d6KV Trainer Mit Herz und Verstand f\u00fchrt Erwin unseren Verein und trainiert mit Begeisterung Hunde aller Ausbildungsstufen \u2013 vom verspielten Junghund bis zum ambitionierten Sportteam. Seine Expertise reicht von Breitensport \u00fcber Listenhunde bis zu IBGH 2\/3.&nbsp; Ilse VysataFH1, Therapiehundepr\u00fcfung, OB 1+2, ROB 1+2, IPO 2, IBGH 3 Von den ersten tapsigen Schritten der Welpen bis zur Begleithundepr\u00fcfung \u2013 Ilse begleitet Mensch-Hund-Teams mit Herz und Know-how. Ob Junghunde, IBGH-1 oder Rally Obedience, bei ihr sind alle in guten H\u00e4nden.&nbsp;Seit 2007 unterst\u00fctzt sie auch tatkr\u00e4ftig den Vorstand. Mercedes LajtosKursleiterin Unterordnung Langj\u00e4hrige Erfahrung im Hundesport pr\u00e4gt Mercedes&#8216; Training \u2013 von den ersten Welpenwochen bis zu IBGH 3. Als aktive Hundesportlerin wei\u00df sie genau, worauf es ankommt und begleitet Teams mit Leidenschaft auf ihrem Weg. Victoria StiftKursleiterin Unterordnung Victoria ist begeisterte Hundesportlerin und versteht die Herausforderungen ihrer Sch\u00fcler und Sch\u00fclerinnen aus eigener Erfahrung.\u00a0 Eugenie LajtosKursleiterin Unterordnung Mit jahrelanger Praxis&hellip;<\/p>\n<p> <a class=\"more-link\" href=\"https:\/\/www.oegv-leobersdorf.at\/?page_id=626\">Weiterlesen<\/a><\/p>\n","protected":false},"author":2,"featured_media":0,"parent":22,"menu_order":2,"comment_status":"closed","ping_status":"closed","template":"","meta":{"footnotes":""},"class_list":["post-626","page","type-page","status-publish"],"_links":{"self":[{"href":"https:\/\/www.oegv-leobersdorf.at\/index.php?rest_route=\/wp\/v2\/pages\/626","targetHints":{"allow":["GET"]}}],"collection":[{"href":"https:\/\/www.oegv-leobersdorf.at\/index.php?rest_route=\/wp\/v2\/pages"}],"about":[{"href":"https:\/\/www.oegv-leobersdorf.at\/index.php?rest_route=\/wp\/v2\/types\/page"}],"author":[{"embeddable":true,"href":"https:\/\/www.oegv-leobersdorf.at\/index.php?rest_route=\/wp\/v2\/users\/2"}],"replies":[{"embeddable":true,"href":"https:\/\/www.oegv-leobersdorf.at\/index.php?rest_route=%2Fwp%2Fv2%2Fcomments&post=626"}],"version-history":[{"count":16,"href":"https:\/\/www.oegv-leobersdorf.at\/index.php?rest_route=\/wp\/v2\/pages\/626\/revisions"}],"predecessor-version":[{"id":1342,"href":"https:\/\/www.oegv-leobersdorf.at\/index.php?rest_route=\/wp\/v2\/pages\/626\/revisions\/1342"}],"up":[{"embeddable":true,"href":"https:\/\/www.oegv-leobersdorf.at\/index.php?rest_route=\/wp\/v2\/pages\/22"}],"wp:attachment":[{"href":"https:\/\/www.oegv-leobersdorf.at\/index.php?rest_route=%2Fwp%2Fv2%2Fmedia&parent=626"}],"curies":[{"name":"wp","href":"https:\/\/api.w.org\/{rel}","templated":true}]}}