{"id":280,"date":"2024-05-03T12:53:27","date_gmt":"2024-05-03T10:53:27","guid":{"rendered":"https:\/\/www.oegv-leobersdorf.at\/?page_id=280"},"modified":"2026-02-01T21:48:59","modified_gmt":"2026-02-01T20:48:59","slug":"impressum","status":"publish","type":"page","link":"https:\/\/www.oegv-leobersdorf.at\/?page_id=280","title":{"rendered":"Impressum"},"content":{"rendered":"\n<h3 class=\"wp-block-heading\">Impressum<\/h3>\n\n\n\n<h5 class=\"wp-block-heading\"><strong>Offenlegung gem\u00e4\u00df \u00a7 25 Mediengesetz<\/strong><\/h5>\n\n\n\n<h5 class=\"wp-block-heading\"><strong>Medieninhaber und Betreiber der Website:<\/strong><\/h5>\n\n\n\n<p>\u00d6GV Leobersdorf<br>Obmann: Erwin Schonaklener<br>Enzesfelderstra\u00dfe 35<br>2544 Leobersdorf<br>\u00d6sterreich<\/p>\n\n\n\n<p><strong>Kontakt:<\/strong><br>Telefon: +43 664 1588003<br>E-Mail: <a href=\"mailto:buero@oegv-leobersdorf.at\">buero@oegv-leobersdorf.at<\/a><br>Website: <a href=\"http:\/\/www.oegv-leobersdorf.at\">www.oegv-leobersdorf.at<\/a><\/p>\n\n\n\n<p><strong>ZVR-Nummer:<\/strong> 125832047<\/p>\n\n\n\n<hr class=\"wp-block-separator has-alpha-channel-opacity\"\/>\n\n\n\n<h5 class=\"wp-block-heading\">Grundlegende Richtung der Website<\/h5>\n\n\n\n<p>Diese Website dient der Information \u00fcber die Aktivit\u00e4ten und Entwicklung des \u00d6GV Leobersdorf, seine Veranstaltungen, Teilnahmen an diversen Events sowie der Information \u00fcber Verkaufsaktivit\u00e4ten und diverse Aktionen.<\/p>\n\n\n\n<hr class=\"wp-block-separator has-alpha-channel-opacity\"\/>\n\n\n\n<h5 class=\"wp-block-heading\">Urheberrecht und Markenschutz<\/h5>\n\n\n\n<p>S\u00e4mtliche auf dieser Website dargestellten Inhalte \u2013 insbesondere Texte, Fotos, Grafiken und Logos \u2013 sind, sofern nicht ausdr\u00fccklich anders angegeben, geistiges Eigentum des \u00d6GV Leobersdorf und urheberrechtlich gesch\u00fctzt.<\/p>\n\n\n\n<p>Jegliche Verwendung, Vervielf\u00e4ltigung oder Weitergabe dieser Inhalte ohne vorherige schriftliche Genehmigung des \u00d6GV Leobersdorf ist untersagt. Dies gilt insbesondere f\u00fcr die kommerzielle Nutzung. Unberechtigte Verwendungen werden sowohl zivil- als auch strafrechtlich verfolgt.<\/p>\n\n\n\n<hr class=\"wp-block-separator has-alpha-channel-opacity\"\/>\n\n\n\n<h5 class=\"wp-block-heading\">Haftung f\u00fcr Links<\/h5>\n\n\n\n<p>Der \u00d6GV Leobersdorf \u00fcbernimmt \u2013 abgesehen von den in \u00a7 17 des \u00f6sterreichischen E-Commerce-Gesetzes geregelten F\u00e4llen \u2013 keine Haftung f\u00fcr die Inhalte verlinkter externer Websites. Wir haben keinen Einfluss auf die Gestaltung und Inhalte dieser Seiten und distanzieren uns ausdr\u00fccklich von rechtswidrigen Inhalten.<\/p>\n\n\n\n<p>Eine st\u00e4ndige Verf\u00fcgbarkeit oder vollst\u00e4ndige Funktionalit\u00e4t von Linkverkn\u00fcpfungen zu Websites Dritter kann nicht garantiert werden.<\/p>\n\n\n\n<hr class=\"wp-block-separator has-alpha-channel-opacity\"\/>\n\n\n\n<h5 class=\"wp-block-heading\">Downloads und Goodies<\/h5>\n\n\n\n<p>Auf dieser Website angebotene Downloads d\u00fcrfen, sofern nicht ausdr\u00fccklich anders angegeben, ausschlie\u00dflich zu privaten, nicht-kommerziellen Zwecken verwendet werden. Bei jeder zul\u00e4ssigen Verbreitung von Inhalten dieser Website ist auf die Bezugsquelle hinzuweisen.<\/p>\n\n\n\n<hr class=\"wp-block-separator has-alpha-channel-opacity\"\/>\n\n\n\n<h5 class=\"wp-block-heading\">Haftungsausschluss<\/h5>\n\n\n\n<p>Der \u00d6GV Leobersdorf \u00fcbernimmt keine Gew\u00e4hr f\u00fcr die Vollst\u00e4ndigkeit, Richtigkeit und Aktualit\u00e4t der bereitgestellten Informationen. S\u00e4mtliche Inhalte werden ohne Gew\u00e4hr zur Verf\u00fcgung gestellt und k\u00f6nnen sich jederzeit ohne vorherige Ank\u00fcndigung \u00e4ndern.<\/p>\n\n\n\n<p>Eine Haftung f\u00fcr Sch\u00e4den, die aus der Nutzung dieser Website entstehen, wird ausgeschlossen, sofern diese nicht vom \u00d6GV Leobersdorf oder ihm zurechenbaren Personen vors\u00e4tzlich oder grob fahrl\u00e4ssig verursacht wurden.<\/p>\n\n\n\n<hr class=\"wp-block-separator has-alpha-channel-opacity\"\/>\n\n\n\n<h5 class=\"wp-block-heading\">\u00c4nderungsvorbehalt<\/h5>\n\n\n\n<p>Der \u00d6GV Leobersdorf beh\u00e4lt sich das Recht vor, jederzeit und ohne vorherige Ank\u00fcndigung \u00c4nderungen oder Erg\u00e4nzungen an den bereitgestellten Informationen vorzunehmen, Inhalte zu \u00e4ndern, zu entfernen oder neue Inhalte hinzuzuf\u00fcgen sowie diese Nutzungsbedingungen anzupassen.<\/p>\n\n\n\n<hr class=\"wp-block-separator has-alpha-channel-opacity\"\/>\n\n\n\n<h5 class=\"wp-block-heading\">Anwendbares Recht und Gerichtsstand<\/h5>\n\n\n\n<p>F\u00fcr s\u00e4mtliche Streitigkeiten aus oder im Zusammenhang mit dieser Website gilt ausschlie\u00dflich \u00f6sterreichisches Recht unter Ausschluss der Verweisungsnormen. Gerichtsstand ist Baden.<\/p>\n\n\n\n<p>Vertrags-, Bestell- und Gesch\u00e4ftssprache ist Deutsch. Die Verrechnungseinheit ist Euro. Die Gew\u00e4hrleistung erfolgt nach den gesetzlichen Bestimmungen.<\/p>\n\n\n\n<hr class=\"wp-block-separator has-alpha-channel-opacity\"\/>\n\n\n\n<h5 class=\"wp-block-heading\">Salvatorische Klausel<\/h5>\n\n\n\n<p>Sollten einzelne Bestimmungen dieser Nutzungsbedingungen unwirksam oder undurchf\u00fchrbar sein oder werden, bleibt die Wirksamkeit der \u00fcbrigen Bestimmungen davon unber\u00fchrt. Die unwirksame Bestimmung ist durch eine wirksame zu ersetzen, die dem urspr\u00fcnglich beabsichtigten wirtschaftlichen Zweck am n\u00e4chsten kommt.<\/p>\n","protected":false},"excerpt":{"rendered":"<p>Impressum Offenlegung gem\u00e4\u00df \u00a7 25 Mediengesetz Medieninhaber und Betreiber der Website: \u00d6GV LeobersdorfObmann: Erwin SchonaklenerEnzesfelderstra\u00dfe 352544 Leobersdorf\u00d6sterreich Kontakt:Telefon: +43 664 1588003E-Mail: buero@oegv-leobersdorf.atWebsite: www.oegv-leobersdorf.at ZVR-Nummer: 125832047 Grundlegende Richtung der Website Diese Website dient der Information \u00fcber die Aktivit\u00e4ten und Entwicklung des \u00d6GV Leobersdorf, seine Veranstaltungen, Teilnahmen an diversen Events sowie der Information \u00fcber Verkaufsaktivit\u00e4ten und diverse Aktionen. Urheberrecht und Markenschutz S\u00e4mtliche auf dieser Website dargestellten Inhalte \u2013 insbesondere Texte, Fotos, Grafiken und Logos \u2013 sind, sofern nicht ausdr\u00fccklich anders angegeben, geistiges Eigentum des \u00d6GV Leobersdorf und urheberrechtlich gesch\u00fctzt. Jegliche Verwendung, Vervielf\u00e4ltigung oder Weitergabe dieser Inhalte ohne vorherige schriftliche Genehmigung des \u00d6GV Leobersdorf ist untersagt. Dies gilt insbesondere f\u00fcr die kommerzielle Nutzung. Unberechtigte Verwendungen werden sowohl zivil- als auch strafrechtlich verfolgt. Haftung f\u00fcr Links Der \u00d6GV Leobersdorf \u00fcbernimmt \u2013 abgesehen von den in \u00a7 17 des \u00f6sterreichischen E-Commerce-Gesetzes geregelten F\u00e4llen \u2013 keine Haftung f\u00fcr die Inhalte verlinkter externer Websites. Wir haben keinen&hellip;<\/p>\n<p> <a class=\"more-link\" href=\"https:\/\/www.oegv-leobersdorf.at\/?page_id=280\">Weiterlesen<\/a><\/p>\n","protected":false},"author":1,"featured_media":0,"parent":26,"menu_order":4,"comment_status":"closed","ping_status":"closed","template":"","meta":{"footnotes":""},"class_list":["post-280","page","type-page","status-publish"],"_links":{"self":[{"href":"https:\/\/www.oegv-leobersdorf.at\/index.php?rest_route=\/wp\/v2\/pages\/280","targetHints":{"allow":["GET"]}}],"collection":[{"href":"https:\/\/www.oegv-leobersdorf.at\/index.php?rest_route=\/wp\/v2\/pages"}],"about":[{"href":"https:\/\/www.oegv-leobersdorf.at\/index.php?rest_route=\/wp\/v2\/types\/page"}],"author":[{"embeddable":true,"href":"https:\/\/www.oegv-leobersdorf.at\/index.php?rest_route=\/wp\/v2\/users\/1"}],"replies":[{"embeddable":true,"href":"https:\/\/www.oegv-leobersdorf.at\/index.php?rest_route=%2Fwp%2Fv2%2Fcomments&post=280"}],"version-history":[{"count":11,"href":"https:\/\/www.oegv-leobersdorf.at\/index.php?rest_route=\/wp\/v2\/pages\/280\/revisions"}],"predecessor-version":[{"id":994,"href":"https:\/\/www.oegv-leobersdorf.at\/index.php?rest_route=\/wp\/v2\/pages\/280\/revisions\/994"}],"up":[{"embeddable":true,"href":"https:\/\/www.oegv-leobersdorf.at\/index.php?rest_route=\/wp\/v2\/pages\/26"}],"wp:attachment":[{"href":"https:\/\/www.oegv-leobersdorf.at\/index.php?rest_route=%2Fwp%2Fv2%2Fmedia&parent=280"}],"curies":[{"name":"wp","href":"https:\/\/api.w.org\/{rel}","templated":true}]}}