{"id":22,"date":"2024-03-25T18:44:12","date_gmt":"2024-03-25T17:44:12","guid":{"rendered":"https:\/\/www.oegv-leobersdorf.at\/wp\/?page_id=22"},"modified":"2026-02-01T22:15:34","modified_gmt":"2026-02-01T21:15:34","slug":"team","status":"publish","type":"page","link":"https:\/\/www.oegv-leobersdorf.at\/?page_id=22","title":{"rendered":"Team"},"content":{"rendered":"\n<h3 class=\"wp-block-heading\">Unser Team<\/h3>\n\n\n\n<p>Lernen Sie die Menschen kennen, die unseren Verein mit Herz und Engagement leiten!<\/p>\n\n\n\n<hr class=\"wp-block-separator has-alpha-channel-opacity\"\/>\n\n\n\n<h5 class=\"wp-block-heading\">Vorstand<\/h5>\n\n\n\n<p>Unser Vorstand sorgt daf\u00fcr, dass im Verein alles rund l\u00e4uft und steht Ihnen bei Fragen gerne zur Verf\u00fcgung.<\/p>\n\n\n\n<div class=\"wp-block-buttons is-layout-flex wp-block-buttons-is-layout-flex\">\n<div class=\"wp-block-button\"><a class=\"wp-block-button__link wp-element-button\" href=\"https:\/\/www.oegv-leobersdorf.at\/?page_id=880\">Unser Vorstand<\/a><\/div>\n<\/div>\n\n\n\n<p><\/p>\n\n\n\n<hr class=\"wp-block-separator has-alpha-channel-opacity\"\/>\n\n\n\n<h5 class=\"wp-block-heading\">Kursleiter und Kursleiterinnen<\/h5>\n\n\n\n<p>Unsere erfahrenen Kursleiter und Kursleiterinnen begleiten Sie und Ihren Hund mit Fachwissen und Leidenschaft auf Ihrem Trainingsweg.<\/p>\n\n\n\n<div class=\"wp-block-buttons is-layout-flex wp-block-buttons-is-layout-flex\">\n<div class=\"wp-block-button\"><a class=\"wp-block-button__link wp-element-button\" href=\"https:\/\/www.oegv-leobersdorf.at\/?page_id=626\">Unsere Kursleiter und Kursleiterinnen<\/a><\/div>\n<\/div>\n","protected":false},"excerpt":{"rendered":"<p>Unser Team Lernen Sie die Menschen kennen, die unseren Verein mit Herz und Engagement leiten! Vorstand Unser Vorstand sorgt daf\u00fcr, dass im Verein alles rund l\u00e4uft und steht Ihnen bei Fragen gerne zur Verf\u00fcgung. Kursleiter und Kursleiterinnen Unsere erfahrenen Kursleiter und Kursleiterinnen begleiten Sie und Ihren Hund mit Fachwissen und Leidenschaft auf Ihrem Trainingsweg.<\/p>\n","protected":false},"author":1,"featured_media":0,"parent":0,"menu_order":4,"comment_status":"closed","ping_status":"closed","template":"","meta":{"footnotes":""},"class_list":["post-22","page","type-page","status-publish"],"_links":{"self":[{"href":"https:\/\/www.oegv-leobersdorf.at\/index.php?rest_route=\/wp\/v2\/pages\/22","targetHints":{"allow":["GET"]}}],"collection":[{"href":"https:\/\/www.oegv-leobersdorf.at\/index.php?rest_route=\/wp\/v2\/pages"}],"about":[{"href":"https:\/\/www.oegv-leobersdorf.at\/index.php?rest_route=\/wp\/v2\/types\/page"}],"author":[{"embeddable":true,"href":"https:\/\/www.oegv-leobersdorf.at\/index.php?rest_route=\/wp\/v2\/users\/1"}],"replies":[{"embeddable":true,"href":"https:\/\/www.oegv-leobersdorf.at\/index.php?rest_route=%2Fwp%2Fv2%2Fcomments&post=22"}],"version-history":[{"count":37,"href":"https:\/\/www.oegv-leobersdorf.at\/index.php?rest_route=\/wp\/v2\/pages\/22\/revisions"}],"predecessor-version":[{"id":1195,"href":"https:\/\/www.oegv-leobersdorf.at\/index.php?rest_route=\/wp\/v2\/pages\/22\/revisions\/1195"}],"wp:attachment":[{"href":"https:\/\/www.oegv-leobersdorf.at\/index.php?rest_route=%2Fwp%2Fv2%2Fmedia&parent=22"}],"curies":[{"name":"wp","href":"https:\/\/api.w.org\/{rel}","templated":true}]}}