{"id":20,"date":"2024-03-25T18:43:47","date_gmt":"2024-03-25T17:43:47","guid":{"rendered":"https:\/\/www.oegv-leobersdorf.at\/wp\/?page_id=20"},"modified":"2026-05-01T13:07:50","modified_gmt":"2026-05-01T11:07:50","slug":"veranstaltungen","status":"publish","type":"page","link":"https:\/\/www.oegv-leobersdorf.at\/?page_id=20","title":{"rendered":"Veranstaltungen"},"content":{"rendered":"\n<h3 class=\"wp-block-heading\">Termine &amp; Ergebnisse<\/h3>\n\n\n\n<p>Bleiben Sie auf dem Laufenden! Hier finden Sie alle wichtigen Informationen zu unseren Veranstaltungen und die Erfolge unserer Mitglieder.<\/p>\n\n\n\n<p><strong>Aktuelle Veranstaltungen<\/strong><\/p>\n\n\n\n<figure class=\"wp-block-image size-large\"><img loading=\"lazy\" decoding=\"async\" width=\"1024\" height=\"1450\" src=\"https:\/\/www.oegv-leobersdorf.at\/wp-content\/uploads\/IMG_7552-1024x1450.png\" alt=\"\" class=\"wp-image-1353\" srcset=\"https:\/\/www.oegv-leobersdorf.at\/wp-content\/uploads\/IMG_7552-1024x1450.png 1024w, https:\/\/www.oegv-leobersdorf.at\/wp-content\/uploads\/IMG_7552-500x708.png 500w, https:\/\/www.oegv-leobersdorf.at\/wp-content\/uploads\/IMG_7552-300x425.png 300w, https:\/\/www.oegv-leobersdorf.at\/wp-content\/uploads\/IMG_7552-768x1087.png 768w, https:\/\/www.oegv-leobersdorf.at\/wp-content\/uploads\/IMG_7552.png 1054w\" sizes=\"auto, (max-width: 1024px) 100vw, 1024px\" \/><\/figure>\n\n\n\n<p><\/p>\n\n\n\n<hr class=\"wp-block-separator has-alpha-channel-opacity\"\/>\n\n\n\n<h5 class=\"wp-block-heading\">Termine<\/h5>\n\n\n\n<p>Seien Sie dabei bei unseren n\u00e4chsten Veranstaltungen! Von Pr\u00fcfungen \u00fcber Turniere bis zu besonderen Trainings \u2013 hier finden Sie alle kommenden Events.<\/p>\n\n\n\n<div class=\"wp-block-buttons is-layout-flex wp-block-buttons-is-layout-flex\">\n<div class=\"wp-block-button\"><a class=\"wp-block-button__link wp-element-button\" href=\"https:\/\/www.oegv-leobersdorf.at\/?page_id=127\">Termine<\/a><\/div>\n<\/div>\n\n\n\n<p><\/p>\n\n\n\n<hr class=\"wp-block-separator has-alpha-channel-opacity\"\/>\n\n\n\n<h5 class=\"wp-block-heading\">Unterordnung<\/h5>\n\n\n\n<p>Von der Begleithundepr\u00fcfung bis zur BGH 3 \u2013 sehen Sie, welche Teams ihr K\u00f6nnen unter Beweis gestellt haben!<\/p>\n\n\n\n<div class=\"wp-block-buttons is-layout-flex wp-block-buttons-is-layout-flex\">\n<div class=\"wp-block-button\"><a class=\"wp-block-button__link wp-element-button\" href=\"https:\/\/www.oegv-leobersdorf.at\/?page_id=932\">Ergebnisse Unterordnung<\/a><\/div>\n<\/div>\n\n\n\n<p><\/p>\n\n\n\n<hr class=\"wp-block-separator has-alpha-channel-opacity\"\/>\n\n\n\n<h5 class=\"wp-block-heading\">Agility<\/h5>\n\n\n\n<p>Rasante Parcours, beeindruckende Zeiten und fehlerfreie L\u00e4ufe \u2013 entdecken Sie unsere Agility-Champions!<\/p>\n\n\n\n<div class=\"wp-block-buttons is-layout-flex wp-block-buttons-is-layout-flex\">\n<div class=\"wp-block-button\"><a class=\"wp-block-button__link wp-element-button\" href=\"https:\/\/www.oegv-leobersdorf.at\/?page_id=277\">Ergebnisse Agility<\/a><\/div>\n<\/div>\n","protected":false},"excerpt":{"rendered":"<p>Termine &amp; Ergebnisse Bleiben Sie auf dem Laufenden! Hier finden Sie alle wichtigen Informationen zu unseren Veranstaltungen und die Erfolge unserer Mitglieder. Aktuelle Veranstaltungen Termine Seien Sie dabei bei unseren n\u00e4chsten Veranstaltungen! Von Pr\u00fcfungen \u00fcber Turniere bis zu besonderen Trainings \u2013 hier finden Sie alle kommenden Events. Unterordnung Von der Begleithundepr\u00fcfung bis zur BGH 3 \u2013 sehen Sie, welche Teams ihr K\u00f6nnen unter Beweis gestellt haben! Agility Rasante Parcours, beeindruckende Zeiten und fehlerfreie L\u00e4ufe \u2013 entdecken Sie unsere Agility-Champions!<\/p>\n","protected":false},"author":1,"featured_media":0,"parent":0,"menu_order":2,"comment_status":"closed","ping_status":"closed","template":"","meta":{"footnotes":""},"class_list":["post-20","page","type-page","status-publish"],"_links":{"self":[{"href":"https:\/\/www.oegv-leobersdorf.at\/index.php?rest_route=\/wp\/v2\/pages\/20","targetHints":{"allow":["GET"]}}],"collection":[{"href":"https:\/\/www.oegv-leobersdorf.at\/index.php?rest_route=\/wp\/v2\/pages"}],"about":[{"href":"https:\/\/www.oegv-leobersdorf.at\/index.php?rest_route=\/wp\/v2\/types\/page"}],"author":[{"embeddable":true,"href":"https:\/\/www.oegv-leobersdorf.at\/index.php?rest_route=\/wp\/v2\/users\/1"}],"replies":[{"embeddable":true,"href":"https:\/\/www.oegv-leobersdorf.at\/index.php?rest_route=%2Fwp%2Fv2%2Fcomments&post=20"}],"version-history":[{"count":64,"href":"https:\/\/www.oegv-leobersdorf.at\/index.php?rest_route=\/wp\/v2\/pages\/20\/revisions"}],"predecessor-version":[{"id":1354,"href":"https:\/\/www.oegv-leobersdorf.at\/index.php?rest_route=\/wp\/v2\/pages\/20\/revisions\/1354"}],"wp:attachment":[{"href":"https:\/\/www.oegv-leobersdorf.at\/index.php?rest_route=%2Fwp%2Fv2%2Fmedia&parent=20"}],"curies":[{"name":"wp","href":"https:\/\/api.w.org\/{rel}","templated":true}]}}