{"id":184,"date":"2024-04-04T08:25:25","date_gmt":"2024-04-04T06:25:25","guid":{"rendered":"https:\/\/www.oegv-leobersdorf.at\/?page_id=184"},"modified":"2026-02-01T21:17:36","modified_gmt":"2026-02-01T20:17:36","slug":"sportschutz","status":"publish","type":"page","link":"https:\/\/www.oegv-leobersdorf.at\/?page_id=184","title":{"rendered":"Kleine Hunderassen"},"content":{"rendered":"\n<h3 class=\"wp-block-heading\">Hundekurs f\u00fcr kleine Hunderassen<\/h3>\n\n\n\n<div class=\"wp-block-media-text has-media-on-the-right is-stacked-on-mobile\"><div class=\"wp-block-media-text__content\">\n<p>Kleine Hunde \u2013 gro\u00dfe Pers\u00f6nlichkeiten! In unserem speziellen Kurs f\u00fcr kleine Hunderassen schaffen wir ein sicheres Trainingsumfeld, das perfekt auf die Bed\u00fcrfnisse Ihres Vierbeiners abgestimmt ist.<\/p>\n\n\n\n<h5 class=\"wp-block-heading\">Was macht unseren Kurs besonders?<\/h5>\n\n\n\n<p>Kleine Hunde haben oft andere Anforderungen als ihre gr\u00f6\u00dferen Artgenossen. In unserer Trainingsgruppe k\u00f6nnen Chihuahuas, Dackel, Yorkshire Terrier und Co. ohne Stress von gr\u00f6\u00dferen Hunden lernen und spielen. Das erm\u00f6glicht entspanntes Training auf Augenh\u00f6he \u2013 sowohl f\u00fcr die Hunde als auch f\u00fcr ihre Menschen.<\/p>\n<\/div><figure class=\"wp-block-media-text__media\"><img loading=\"lazy\" decoding=\"async\" width=\"1024\" height=\"1536\" src=\"https:\/\/www.oegv-leobersdorf.at\/wp-content\/uploads\/d3c68adb-7b1c-480c-9fc6-149fabdaf624-1024x1536.jpeg\" alt=\"\" class=\"wp-image-1139 size-full\" srcset=\"https:\/\/www.oegv-leobersdorf.at\/wp-content\/uploads\/d3c68adb-7b1c-480c-9fc6-149fabdaf624-1024x1536.jpeg 1024w, https:\/\/www.oegv-leobersdorf.at\/wp-content\/uploads\/d3c68adb-7b1c-480c-9fc6-149fabdaf624-500x750.jpeg 500w, https:\/\/www.oegv-leobersdorf.at\/wp-content\/uploads\/d3c68adb-7b1c-480c-9fc6-149fabdaf624-300x450.jpeg 300w, https:\/\/www.oegv-leobersdorf.at\/wp-content\/uploads\/d3c68adb-7b1c-480c-9fc6-149fabdaf624-768x1152.jpeg 768w, https:\/\/www.oegv-leobersdorf.at\/wp-content\/uploads\/d3c68adb-7b1c-480c-9fc6-149fabdaf624.jpeg 1080w\" sizes=\"auto, (max-width: 1024px) 100vw, 1024px\" \/><\/figure><\/div>\n\n\n\n<p><strong>Kursinhalte:<\/strong><\/p>\n\n\n\n<ul class=\"wp-block-list\">\n<li>Grundkommandos (Sitz, Platz, Hier, Fu\u00df)<\/li>\n\n\n\n<li>Leinenf\u00fchrigkeit<\/li>\n\n\n\n<li>Sozialisation mit gleichgro\u00dfen Artgenossen<\/li>\n\n\n\n<li>Impulskontrolle und Frustrationstoleranz<\/li>\n\n\n\n<li>Alltagstraining und Stadtgew\u00f6hnung<\/li>\n<\/ul>\n\n\n\n<div class=\"wp-block-media-text is-stacked-on-mobile\"><figure class=\"wp-block-media-text__media\"><img loading=\"lazy\" decoding=\"async\" width=\"1024\" height=\"1190\" src=\"https:\/\/www.oegv-leobersdorf.at\/wp-content\/uploads\/3ed39d87-b233-427c-a206-09b96601cc54-1024x1190.jpeg\" alt=\"\" class=\"wp-image-1141 size-full\" srcset=\"https:\/\/www.oegv-leobersdorf.at\/wp-content\/uploads\/3ed39d87-b233-427c-a206-09b96601cc54-1024x1190.jpeg 1024w, https:\/\/www.oegv-leobersdorf.at\/wp-content\/uploads\/3ed39d87-b233-427c-a206-09b96601cc54-500x581.jpeg 500w, https:\/\/www.oegv-leobersdorf.at\/wp-content\/uploads\/3ed39d87-b233-427c-a206-09b96601cc54-300x349.jpeg 300w, https:\/\/www.oegv-leobersdorf.at\/wp-content\/uploads\/3ed39d87-b233-427c-a206-09b96601cc54-768x892.jpeg 768w, https:\/\/www.oegv-leobersdorf.at\/wp-content\/uploads\/3ed39d87-b233-427c-a206-09b96601cc54-1322x1536.jpeg 1322w, https:\/\/www.oegv-leobersdorf.at\/wp-content\/uploads\/3ed39d87-b233-427c-a206-09b96601cc54.jpeg 1377w\" sizes=\"auto, (max-width: 1024px) 100vw, 1024px\" \/><\/figure><div class=\"wp-block-media-text__content\">\n<p>Kleine Hunde werden oft untersch\u00e4tzt \u2013 dabei brauchen auch sie konsequente, liebevolle Erziehung und klare Regeln. Unser Training basiert auf positiver Verst\u00e4rkung und respektiert die individuellen Eigenschaften kleiner Rassen.<\/p>\n\n\n\n<p><strong>F\u00fcr wen ist der Kurs geeignet?<\/strong> F\u00fcr alle kleinen Hunderassen und ihre Menschen \u2013 vom Welpen bis zum Senior, vom Anf\u00e4nger bis zum erfahrenen Hundehalter.<\/p>\n<\/div><\/div>\n\n\n\n<p class=\"has-text-align-center\"><strong>Gemeinsam st\u00e4rken wir die Bindung zwischen Ihnen und Ihrem kleinen Begleiter!<\/strong><\/p>\n\n\n\n<p class=\"has-text-align-center\"><strong>Hier finden Sie unsere Kurszeiten: <\/strong><\/p>\n\n\n\n<div class=\"wp-block-buttons is-content-justification-center is-layout-flex wp-container-core-buttons-is-layout-16018d1d wp-block-buttons-is-layout-flex\">\n<div class=\"wp-block-button\"><a class=\"wp-block-button__link wp-element-button\" href=\"https:\/\/www.oegv-leobersdorf.at\/?page_id=1005\">Unterordnung Kurszeiten<\/a><\/div>\n<\/div>\n","protected":false},"excerpt":{"rendered":"<p>Hundekurs f\u00fcr kleine Hunderassen Kleine Hunde \u2013 gro\u00dfe Pers\u00f6nlichkeiten! In unserem speziellen Kurs f\u00fcr kleine Hunderassen schaffen wir ein sicheres Trainingsumfeld, das perfekt auf die Bed\u00fcrfnisse Ihres Vierbeiners abgestimmt ist. Was macht unseren Kurs besonders? Kleine Hunde haben oft andere Anforderungen als ihre gr\u00f6\u00dferen Artgenossen. In unserer Trainingsgruppe k\u00f6nnen Chihuahuas, Dackel, Yorkshire Terrier und Co. ohne Stress von gr\u00f6\u00dferen Hunden lernen und spielen. Das erm\u00f6glicht entspanntes Training auf Augenh\u00f6he \u2013 sowohl f\u00fcr die Hunde als auch f\u00fcr ihre Menschen. Kursinhalte: Kleine Hunde werden oft untersch\u00e4tzt \u2013 dabei brauchen auch sie konsequente, liebevolle Erziehung und klare Regeln. Unser Training basiert auf positiver Verst\u00e4rkung und respektiert die individuellen Eigenschaften kleiner Rassen. F\u00fcr wen ist der Kurs geeignet? F\u00fcr alle kleinen Hunderassen und ihre Menschen \u2013 vom Welpen bis zum Senior, vom Anf\u00e4nger bis zum erfahrenen Hundehalter. Gemeinsam st\u00e4rken wir die Bindung zwischen Ihnen und Ihrem kleinen Begleiter! Hier finden Sie unsere Kurszeiten:<\/p>\n","protected":false},"author":1,"featured_media":0,"parent":14,"menu_order":6,"comment_status":"closed","ping_status":"closed","template":"","meta":{"footnotes":""},"class_list":["post-184","page","type-page","status-publish"],"_links":{"self":[{"href":"https:\/\/www.oegv-leobersdorf.at\/index.php?rest_route=\/wp\/v2\/pages\/184","targetHints":{"allow":["GET"]}}],"collection":[{"href":"https:\/\/www.oegv-leobersdorf.at\/index.php?rest_route=\/wp\/v2\/pages"}],"about":[{"href":"https:\/\/www.oegv-leobersdorf.at\/index.php?rest_route=\/wp\/v2\/types\/page"}],"author":[{"embeddable":true,"href":"https:\/\/www.oegv-leobersdorf.at\/index.php?rest_route=\/wp\/v2\/users\/1"}],"replies":[{"embeddable":true,"href":"https:\/\/www.oegv-leobersdorf.at\/index.php?rest_route=%2Fwp%2Fv2%2Fcomments&post=184"}],"version-history":[{"count":4,"href":"https:\/\/www.oegv-leobersdorf.at\/index.php?rest_route=\/wp\/v2\/pages\/184\/revisions"}],"predecessor-version":[{"id":1142,"href":"https:\/\/www.oegv-leobersdorf.at\/index.php?rest_route=\/wp\/v2\/pages\/184\/revisions\/1142"}],"up":[{"embeddable":true,"href":"https:\/\/www.oegv-leobersdorf.at\/index.php?rest_route=\/wp\/v2\/pages\/14"}],"wp:attachment":[{"href":"https:\/\/www.oegv-leobersdorf.at\/index.php?rest_route=%2Fwp%2Fv2%2Fmedia&parent=184"}],"curies":[{"name":"wp","href":"https:\/\/api.w.org\/{rel}","templated":true}]}}