{"id":172,"date":"2024-04-03T15:00:28","date_gmt":"2024-04-03T13:00:28","guid":{"rendered":"https:\/\/www.oegv-leobersdorf.at\/?page_id=172"},"modified":"2026-02-10T16:35:29","modified_gmt":"2026-02-10T15:35:29","slug":"faehrte","status":"publish","type":"page","link":"https:\/\/www.oegv-leobersdorf.at\/?page_id=172","title":{"rendered":"F\u00e4hrte"},"content":{"rendered":"\n<h3 class=\"wp-block-heading\">F\u00e4hrte<\/h3>\n\n\n\n<div class=\"wp-block-media-text has-media-on-the-right is-stacked-on-mobile\" style=\"grid-template-columns:auto 29%\"><div class=\"wp-block-media-text__content\">\n<p>Bei der F\u00e4hrtenarbeit wird von einem F\u00e4hrtenleger eine Spur auf Wiese oder Acker gelegt. Dabei werden Gegenst\u00e4nde aus verschiedenen Materialien (Kunststoff, Holz, Leder) auf der F\u00e4hrte platziert, die der Hund finden und anzeigen oder aufnehmen muss. Der Hundef\u00fchrer folgt seinem Hund mit 10 Metern Abstand an der langen Leine.<\/p>\n<\/div><figure class=\"wp-block-media-text__media\"><img loading=\"lazy\" decoding=\"async\" width=\"1024\" height=\"1365\" src=\"https:\/\/www.oegv-leobersdorf.at\/wp-content\/uploads\/WhatsApp-Image-2026-02-08-at-14.46.24-1024x1365.jpeg\" alt=\"\" class=\"wp-image-1246 size-full\" srcset=\"https:\/\/www.oegv-leobersdorf.at\/wp-content\/uploads\/WhatsApp-Image-2026-02-08-at-14.46.24-1024x1365.jpeg 1024w, https:\/\/www.oegv-leobersdorf.at\/wp-content\/uploads\/WhatsApp-Image-2026-02-08-at-14.46.24-500x667.jpeg 500w, https:\/\/www.oegv-leobersdorf.at\/wp-content\/uploads\/WhatsApp-Image-2026-02-08-at-14.46.24-300x400.jpeg 300w, https:\/\/www.oegv-leobersdorf.at\/wp-content\/uploads\/WhatsApp-Image-2026-02-08-at-14.46.24-768x1024.jpeg 768w, https:\/\/www.oegv-leobersdorf.at\/wp-content\/uploads\/WhatsApp-Image-2026-02-08-at-14.46.24-1152x1536.jpeg 1152w, https:\/\/www.oegv-leobersdorf.at\/wp-content\/uploads\/WhatsApp-Image-2026-02-08-at-14.46.24.jpeg 1200w\" sizes=\"auto, (max-width: 1024px) 100vw, 1024px\" \/><\/figure><\/div>\n\n\n\n<h5 class=\"wp-block-heading\">Eigen- und Fremdf\u00e4hrte<\/h5>\n\n\n\n<p><strong>Eigenf\u00e4hrte:<\/strong> Der Hundef\u00fchrer legt die F\u00e4hrte selbst und kennt den Verlauf.<br><strong>Fremdf\u00e4hrte:<\/strong> Ein F\u00e4hrtenleger legt die Spur \u2013 der Hundef\u00fchrer kennt sie nicht und muss seinem Hund vertrauen.<\/p>\n\n\n\n<p>Je nach Ausbildungsstand wird die F\u00e4hrte 20 Minuten bis 3 Stunden nach dem Legen vom Hund ausgearbeitet.<\/p>\n\n\n\n<div class=\"wp-block-media-text is-stacked-on-mobile\" style=\"grid-template-columns:44% auto\"><figure class=\"wp-block-media-text__media\"><img loading=\"lazy\" decoding=\"async\" width=\"1024\" height=\"548\" src=\"https:\/\/www.oegv-leobersdorf.at\/wp-content\/uploads\/bc133d03-5846-4a4c-b86d-5dfaecee9236-1024x548.jpeg\" alt=\"\" class=\"wp-image-1146 size-full\" srcset=\"https:\/\/www.oegv-leobersdorf.at\/wp-content\/uploads\/bc133d03-5846-4a4c-b86d-5dfaecee9236-1024x548.jpeg 1024w, https:\/\/www.oegv-leobersdorf.at\/wp-content\/uploads\/bc133d03-5846-4a4c-b86d-5dfaecee9236-500x268.jpeg 500w, https:\/\/www.oegv-leobersdorf.at\/wp-content\/uploads\/bc133d03-5846-4a4c-b86d-5dfaecee9236-300x161.jpeg 300w, https:\/\/www.oegv-leobersdorf.at\/wp-content\/uploads\/bc133d03-5846-4a4c-b86d-5dfaecee9236-768x411.jpeg 768w, https:\/\/www.oegv-leobersdorf.at\/wp-content\/uploads\/bc133d03-5846-4a4c-b86d-5dfaecee9236.jpeg 1169w\" sizes=\"auto, (max-width: 1024px) 100vw, 1024px\" \/><\/figure><div class=\"wp-block-media-text__content\">\n<h5 class=\"wp-block-heading\">Aufbau einer F\u00e4hrte<\/h5>\n\n\n\n<p>Eine F\u00e4hrte besteht aus mehreren Schenkeln (gerade oder bogenf\u00f6rmig) und verschiedenen Winkeln. Der Beginn wird als Abgang bezeichnet und mit einem Abgangsstab markiert. In h\u00f6heren Leistungsstufen kommen Verleitungsf\u00e4hrten hinzu \u2013 kreuzende Spuren, bei denen der Hund auf der richtigen F\u00e4hrte bleiben muss.<\/p>\n<\/div><\/div>\n\n\n\n<h5 class=\"wp-block-heading\">Die Ausbildung<\/h5>\n\n\n\n<p>Die Ausbildung sollte in unterschiedlichen Gel\u00e4nden stattfinden. Besonders am Anfang eignen sich wenig betretene Fl\u00e4chen ohne hohes Gras. Der Hund soll lernen, sich mit der Nase zu orientieren \u2013 nicht mit den Augen. Mit steigendem Ausbildungsstand werden mehr Richtungswechsel und l\u00e4ngere Liegezeiten der F\u00e4hrte eingebaut.<\/p>\n\n\n\n<p class=\"has-text-align-center\"><strong>F\u00e4hrtenarbeit fordert Konzentration, Ausdauer und Teamwork \u2013 probieren Sie es aus!<\/strong><\/p>\n\n\n\n<p class=\"has-text-align-center\"><strong>Wenn Sie sich f\u00fcr die F\u00e4hrtenarbeit interessieren, nehmen Sie bitte <\/strong><br><strong>Kontakt mit Erwin (+43 664 158 80 03) auf. <\/strong><\/p>\n","protected":false},"excerpt":{"rendered":"<p>F\u00e4hrte Bei der F\u00e4hrtenarbeit wird von einem F\u00e4hrtenleger eine Spur auf Wiese oder Acker gelegt. Dabei werden Gegenst\u00e4nde aus verschiedenen Materialien (Kunststoff, Holz, Leder) auf der F\u00e4hrte platziert, die der Hund finden und anzeigen oder aufnehmen muss. Der Hundef\u00fchrer folgt seinem Hund mit 10 Metern Abstand an der langen Leine. Eigen- und Fremdf\u00e4hrte Eigenf\u00e4hrte: Der Hundef\u00fchrer legt die F\u00e4hrte selbst und kennt den Verlauf.Fremdf\u00e4hrte: Ein F\u00e4hrtenleger legt die Spur \u2013 der Hundef\u00fchrer kennt sie nicht und muss seinem Hund vertrauen. Je nach Ausbildungsstand wird die F\u00e4hrte 20 Minuten bis 3 Stunden nach dem Legen vom Hund ausgearbeitet. Aufbau einer F\u00e4hrte Eine F\u00e4hrte besteht aus mehreren Schenkeln (gerade oder bogenf\u00f6rmig) und verschiedenen Winkeln. Der Beginn wird als Abgang bezeichnet und mit einem Abgangsstab markiert. In h\u00f6heren Leistungsstufen kommen Verleitungsf\u00e4hrten hinzu \u2013 kreuzende Spuren, bei denen der Hund auf der richtigen F\u00e4hrte bleiben muss. Die Ausbildung Die Ausbildung sollte in unterschiedlichen Gel\u00e4nden&hellip;<\/p>\n<p> <a class=\"more-link\" href=\"https:\/\/www.oegv-leobersdorf.at\/?page_id=172\">Weiterlesen<\/a><\/p>\n","protected":false},"author":1,"featured_media":0,"parent":14,"menu_order":5,"comment_status":"closed","ping_status":"closed","template":"","meta":{"footnotes":""},"class_list":["post-172","page","type-page","status-publish"],"_links":{"self":[{"href":"https:\/\/www.oegv-leobersdorf.at\/index.php?rest_route=\/wp\/v2\/pages\/172","targetHints":{"allow":["GET"]}}],"collection":[{"href":"https:\/\/www.oegv-leobersdorf.at\/index.php?rest_route=\/wp\/v2\/pages"}],"about":[{"href":"https:\/\/www.oegv-leobersdorf.at\/index.php?rest_route=\/wp\/v2\/types\/page"}],"author":[{"embeddable":true,"href":"https:\/\/www.oegv-leobersdorf.at\/index.php?rest_route=\/wp\/v2\/users\/1"}],"replies":[{"embeddable":true,"href":"https:\/\/www.oegv-leobersdorf.at\/index.php?rest_route=%2Fwp%2Fv2%2Fcomments&post=172"}],"version-history":[{"count":9,"href":"https:\/\/www.oegv-leobersdorf.at\/index.php?rest_route=\/wp\/v2\/pages\/172\/revisions"}],"predecessor-version":[{"id":1247,"href":"https:\/\/www.oegv-leobersdorf.at\/index.php?rest_route=\/wp\/v2\/pages\/172\/revisions\/1247"}],"up":[{"embeddable":true,"href":"https:\/\/www.oegv-leobersdorf.at\/index.php?rest_route=\/wp\/v2\/pages\/14"}],"wp:attachment":[{"href":"https:\/\/www.oegv-leobersdorf.at\/index.php?rest_route=%2Fwp%2Fv2%2Fmedia&parent=172"}],"curies":[{"name":"wp","href":"https:\/\/api.w.org\/{rel}","templated":true}]}}