{"id":139,"date":"2024-04-03T12:20:26","date_gmt":"2024-04-03T10:20:26","guid":{"rendered":"https:\/\/www.oegv-leobersdorf.at\/?page_id=139"},"modified":"2026-03-28T15:05:05","modified_gmt":"2026-03-28T14:05:05","slug":"breitensport","status":"publish","type":"page","link":"https:\/\/www.oegv-leobersdorf.at\/?page_id=139","title":{"rendered":"Breitensport"},"content":{"rendered":"\n<p>Breitensport ist eine Hundesportart, bei der Spa\u00df und Freude an der gemeinsamen sportlichen Bet\u00e4tigung von Hund und Hundef\u00fchrer im Vordergrund stehen. Der Breitensport-Vierkampf ist eine Kombination aus Unterordnung und 3 Laufbewerben, die von Hund und HF gemeinsam zu absolvieren sind. Durch die Einteilung in verschiedene Altersklassen erfolgt ein direkter sportlicher Vergleich mit ann\u00e4hernd gleich alten Hundef\u00fchrern. Damit ist Breitensport auch ein idealer Familienhundesport, der gerade bei Jugendlichen zur F\u00f6rderung des Hundeverst\u00e4ndnisses und zur sportlichen Fairness einen positiven Beitrag leisten kann.<\/p>\n\n\n\n<p>Teilnahmeberechtigt sind alle Hunde, die bei ihrem ersten Turnierantritt 15 Monate oder \u00e4lter sind und eine BH Pr\u00fcfung abgelegt haben. Es d\u00fcrfen w\u00e4hrend der Bewerbe keine Motivationsgegenst\u00e4nde (Futter, Spielzeug) verwendet werden. Ausgenommen davon ist die J\u00fcngstenklasse (nur bei den Laufbewerben). Optische und akustische Signale sind bei den Laufdisziplinen erlaubt, der HF darf den Hund aber nicht ber\u00fchren.<\/p>\n\n\n\n<p>Die TeilnehmerInnen werden in der Unterordnung von einem Richter bewertet, in den Laufbewerben wird die ben\u00f6tigte Zeit gemessen und etwaige Fehler von einem Richter angezeigt. Entsprechend der gezeigten Leistung werden dann Punkte errechnet.<\/p>\n\n\n\n<p class=\"has-text-align-center\"><strong>Wenn Sie sich f\u00fcr Breitensport interessieren, kontaktieren Sie bitte <br><strong>Erwin (+43 664 158 80 03). <\/strong><\/strong><\/p>\n","protected":false},"excerpt":{"rendered":"<p>Breitensport ist eine Hundesportart, bei der Spa\u00df und Freude an der gemeinsamen sportlichen Bet\u00e4tigung von Hund und Hundef\u00fchrer im Vordergrund stehen. Der Breitensport-Vierkampf ist eine Kombination aus Unterordnung und 3 Laufbewerben, die von Hund und HF gemeinsam zu absolvieren sind. Durch die Einteilung in verschiedene Altersklassen erfolgt ein direkter sportlicher Vergleich mit ann\u00e4hernd gleich alten Hundef\u00fchrern. Damit ist Breitensport auch ein idealer Familienhundesport, der gerade bei Jugendlichen zur F\u00f6rderung des Hundeverst\u00e4ndnisses und zur sportlichen Fairness einen positiven Beitrag leisten kann. Teilnahmeberechtigt sind alle Hunde, die bei ihrem ersten Turnierantritt 15 Monate oder \u00e4lter sind und eine BH Pr\u00fcfung abgelegt haben. Es d\u00fcrfen w\u00e4hrend der Bewerbe keine Motivationsgegenst\u00e4nde (Futter, Spielzeug) verwendet werden. Ausgenommen davon ist die J\u00fcngstenklasse (nur bei den Laufbewerben). Optische und akustische Signale sind bei den Laufdisziplinen erlaubt, der HF darf den Hund aber nicht ber\u00fchren. Die TeilnehmerInnen werden in der Unterordnung von einem Richter bewertet, in den Laufbewerben&hellip;<\/p>\n<p> <a class=\"more-link\" href=\"https:\/\/www.oegv-leobersdorf.at\/?page_id=139\">Weiterlesen<\/a><\/p>\n","protected":false},"author":1,"featured_media":0,"parent":14,"menu_order":4,"comment_status":"closed","ping_status":"closed","template":"","meta":{"footnotes":""},"class_list":["post-139","page","type-page","status-publish"],"_links":{"self":[{"href":"https:\/\/www.oegv-leobersdorf.at\/index.php?rest_route=\/wp\/v2\/pages\/139","targetHints":{"allow":["GET"]}}],"collection":[{"href":"https:\/\/www.oegv-leobersdorf.at\/index.php?rest_route=\/wp\/v2\/pages"}],"about":[{"href":"https:\/\/www.oegv-leobersdorf.at\/index.php?rest_route=\/wp\/v2\/types\/page"}],"author":[{"embeddable":true,"href":"https:\/\/www.oegv-leobersdorf.at\/index.php?rest_route=\/wp\/v2\/users\/1"}],"replies":[{"embeddable":true,"href":"https:\/\/www.oegv-leobersdorf.at\/index.php?rest_route=%2Fwp%2Fv2%2Fcomments&post=139"}],"version-history":[{"count":6,"href":"https:\/\/www.oegv-leobersdorf.at\/index.php?rest_route=\/wp\/v2\/pages\/139\/revisions"}],"predecessor-version":[{"id":1337,"href":"https:\/\/www.oegv-leobersdorf.at\/index.php?rest_route=\/wp\/v2\/pages\/139\/revisions\/1337"}],"up":[{"embeddable":true,"href":"https:\/\/www.oegv-leobersdorf.at\/index.php?rest_route=\/wp\/v2\/pages\/14"}],"wp:attachment":[{"href":"https:\/\/www.oegv-leobersdorf.at\/index.php?rest_route=%2Fwp%2Fv2%2Fmedia&parent=139"}],"curies":[{"name":"wp","href":"https:\/\/api.w.org\/{rel}","templated":true}]}}