{"id":137,"date":"2024-04-03T12:18:32","date_gmt":"2024-04-03T10:18:32","guid":{"rendered":"https:\/\/www.oegv-leobersdorf.at\/?page_id=137"},"modified":"2026-02-01T21:18:33","modified_gmt":"2026-02-01T20:18:33","slug":"stoebern","status":"publish","type":"page","link":"https:\/\/www.oegv-leobersdorf.at\/?page_id=137","title":{"rendered":"St\u00f6bern"},"content":{"rendered":"\n<h3 class=\"wp-block-heading\">St\u00f6bern<\/h3>\n\n\n\n<p>St\u00f6bern ist eine relativ junge Sportart, bei der der Hund je nach Pr\u00fcfungsstufe 2 &#8211; 5 Gegenst\u00e4nde aus verschiedenen Materialien in einem 600 -1500 m<sup>2<\/sup> gro\u00dfem Gel\u00e4nde finden und verweisen soll. Das Gel\u00e4nde kann dabei recht unterschiedlich aussehen \u2013 Wiese, Acker, Wald oder Brachgel\u00e4nde ist m\u00f6glich, wichtig ist dabei nur, dass der Hund die Gegenst\u00e4nde nicht sieht.\u200b<\/p>\n\n\n\n<p>Diese Hundesportart erf\u00e4hrt starken Zulauf und erfreut sich stets wachsender Beliebtheit. Die Gr\u00fcnde daf\u00fcr sind vielf\u00e4ltig: bei der St\u00f6berarbeit ben\u00f6tigt man keine gro\u00dfen Fl\u00e4chen, ein kleines St\u00fcck Gel\u00e4nde oder auch der Hundeplatz selbst reichen vollkommen aus. Dabei arbeiten alle Hunde nacheinander auf der selben Fl\u00e4che, ein Umstand der die St\u00f6berarbeit auch f\u00fcr Zuschauer sehr attraktiv macht.<\/p>\n\n\n\n<p>Wie alle Sucharbeiten kommt diese Arbeit dem Hund als ausgesprochenem \u201eNasentier\u201c (Hunde sind bekannterma\u00dfen stark olfaktorisch orientiert) sehr entgegen. Dar\u00fcber hinaus bietet die St\u00f6berarbeit die M\u00f6glichkeit einer rassegerechte Besch\u00e4ftigung \/ Auslastung. Auch f\u00fcr Anf\u00e4nger im Hundesport ist diese Besch\u00e4ftigung mit dem Hund sehr attraktiv, da sich recht schnell erste Resultate sehen lassen. &nbsp;\u200b<\/p>\n\n\n\n<p>Und last but not least ist der Spa\u00dffaktor beim St\u00f6bern sehr hoch und es macht einfach Spa\u00df, gemeinsam mit seinem vierbeinigen Partner auf die Pirsch nach Gegenst\u00e4nden zu gehen.<\/p>\n\n\n\n<p class=\"has-text-align-center\"><strong>Wenn Sie sich f\u00fcr das St\u00f6bern interessieren, nehmen Sie bitte <\/strong><br><strong>Kontakt mit Erwin (+43 664 158 80 03) auf. <\/strong><\/p>\n","protected":false},"excerpt":{"rendered":"<p>St\u00f6bern St\u00f6bern ist eine relativ junge Sportart, bei der der Hund je nach Pr\u00fcfungsstufe 2 &#8211; 5 Gegenst\u00e4nde aus verschiedenen Materialien in einem 600 -1500 m2 gro\u00dfem Gel\u00e4nde finden und verweisen soll. Das Gel\u00e4nde kann dabei recht unterschiedlich aussehen \u2013 Wiese, Acker, Wald oder Brachgel\u00e4nde ist m\u00f6glich, wichtig ist dabei nur, dass der Hund die Gegenst\u00e4nde nicht sieht.\u200b Diese Hundesportart erf\u00e4hrt starken Zulauf und erfreut sich stets wachsender Beliebtheit. Die Gr\u00fcnde daf\u00fcr sind vielf\u00e4ltig: bei der St\u00f6berarbeit ben\u00f6tigt man keine gro\u00dfen Fl\u00e4chen, ein kleines St\u00fcck Gel\u00e4nde oder auch der Hundeplatz selbst reichen vollkommen aus. Dabei arbeiten alle Hunde nacheinander auf der selben Fl\u00e4che, ein Umstand der die St\u00f6berarbeit auch f\u00fcr Zuschauer sehr attraktiv macht. Wie alle Sucharbeiten kommt diese Arbeit dem Hund als ausgesprochenem \u201eNasentier\u201c (Hunde sind bekannterma\u00dfen stark olfaktorisch orientiert) sehr entgegen. Dar\u00fcber hinaus bietet die St\u00f6berarbeit die M\u00f6glichkeit einer rassegerechte Besch\u00e4ftigung \/ Auslastung. Auch f\u00fcr Anf\u00e4nger im Hundesport&hellip;<\/p>\n<p> <a class=\"more-link\" href=\"https:\/\/www.oegv-leobersdorf.at\/?page_id=137\">Weiterlesen<\/a><\/p>\n","protected":false},"author":1,"featured_media":0,"parent":14,"menu_order":7,"comment_status":"closed","ping_status":"closed","template":"","meta":{"footnotes":""},"class_list":["post-137","page","type-page","status-publish"],"_links":{"self":[{"href":"https:\/\/www.oegv-leobersdorf.at\/index.php?rest_route=\/wp\/v2\/pages\/137","targetHints":{"allow":["GET"]}}],"collection":[{"href":"https:\/\/www.oegv-leobersdorf.at\/index.php?rest_route=\/wp\/v2\/pages"}],"about":[{"href":"https:\/\/www.oegv-leobersdorf.at\/index.php?rest_route=\/wp\/v2\/types\/page"}],"author":[{"embeddable":true,"href":"https:\/\/www.oegv-leobersdorf.at\/index.php?rest_route=\/wp\/v2\/users\/1"}],"replies":[{"embeddable":true,"href":"https:\/\/www.oegv-leobersdorf.at\/index.php?rest_route=%2Fwp%2Fv2%2Fcomments&post=137"}],"version-history":[{"count":6,"href":"https:\/\/www.oegv-leobersdorf.at\/index.php?rest_route=\/wp\/v2\/pages\/137\/revisions"}],"predecessor-version":[{"id":1143,"href":"https:\/\/www.oegv-leobersdorf.at\/index.php?rest_route=\/wp\/v2\/pages\/137\/revisions\/1143"}],"up":[{"embeddable":true,"href":"https:\/\/www.oegv-leobersdorf.at\/index.php?rest_route=\/wp\/v2\/pages\/14"}],"wp:attachment":[{"href":"https:\/\/www.oegv-leobersdorf.at\/index.php?rest_route=%2Fwp%2Fv2%2Fmedia&parent=137"}],"curies":[{"name":"wp","href":"https:\/\/api.w.org\/{rel}","templated":true}]}}