{"id":131,"date":"2024-04-03T12:09:26","date_gmt":"2024-04-03T10:09:26","guid":{"rendered":"https:\/\/www.oegv-leobersdorf.at\/?page_id=131"},"modified":"2026-02-01T21:48:42","modified_gmt":"2026-02-01T20:48:42","slug":"mitgliedschaft","status":"publish","type":"page","link":"https:\/\/www.oegv-leobersdorf.at\/?page_id=131","title":{"rendered":"Mitgliedschaft"},"content":{"rendered":"\n<h3 class=\"wp-block-heading\">Werden Sie Teil unserer Hundefamilie!<\/h3>\n\n\n\n<p>Sie m\u00f6chten Mitglied beim \u00d6GV Leobersdorf werden? Wunderbar! Kommen Sie doch einfach mit Ihrem Vierbeiner zu einer unverbindlichen Schnupperstunde vorbei \u2013 so k\u00f6nnen Sie uns und unser Training kennenlernen.<\/p>\n\n\n\n<p>Wenn es Ihnen und Ihrem Hund bei uns gef\u00e4llt, bekommen Sie von uns ein Anmeldeformular. Einfach ausf\u00fcllen, gemeinsam mit der Einschreibgeb\u00fchr und dem Mitgliedsbeitrag bei uns abgeben \u2013 und schon geh\u00f6ren Sie zu unserem Team!<\/p>\n\n\n\n<p><strong>Unsere Mitgliedsbeitr\u00e4ge:<\/strong><\/p>\n\n\n\n<ul class=\"wp-block-list\">\n<li>Einmalige Einschreibgeb\u00fchr: \u20ac 80,&#8211;<\/li>\n\n\n\n<li>J\u00e4hrlicher Mitgliedsbeitrag: \u20ac 50,&#8211;<\/li>\n<\/ul>\n\n\n\n<p>Als Mitglied steht Ihnen unser gesamtes Kursangebot offen!<\/p>\n\n\n\n<p><strong>Kursgeb\u00fchren:<\/strong> Die meisten Kurse kosten \u20ac 10,&#8211; pro Monat. Unsere Welpenkurse sind f\u00fcr Mitglieder <strong>kostenlos <\/strong>\u2013 denn ein guter Start ist uns wichtig!<\/p>\n\n\n\n<p><strong>Gut zu wissen:<\/strong> Auch weitere Familienmitglieder k\u00f6nnen bei uns mitmachen! F\u00fcr Anschlussmitgliedschaften betr\u00e4gt der Jahresbeitrag nur \u20ac 20,&#8211;.<\/p>\n\n\n\n<p>Wir freuen uns darauf, Sie und Ihren treuen Begleiter bei uns begr\u00fc\u00dfen zu d\u00fcrfen!<\/p>\n\n\n\n<p><\/p>\n\n\n\n<p><\/p>\n\n\n\n<h3 class=\"wp-block-heading\"><strong>Transparenz liegt uns am Herzen \u2013 wohin flie\u00dfen die Beitr\u00e4ge?<\/strong><\/h3>\n\n\n\n<p>Ihre Mitgliedsbeitr\u00e4ge sind eine wichtige Unterst\u00fctzung f\u00fcr unseren Verein. Ein Teil davon geht an die \u00d6GV-Bundesleitung und den \u00d6GV-Landesverband \u2013 so bleiben wir Teil eines gro\u00dfen, professionellen Netzwerks.<\/p>\n\n\n\n<p>Der gr\u00f6\u00dfte Teil flie\u00dft direkt in unser Trainingsgel\u00e4nde: Wenn Sie sich bei uns umsehen, sehen Sie, wie viel Pflege und Aufmerksamkeit n\u00f6tig ist, damit sich Mensch und Hund bei uns wohlf\u00fchlen k\u00f6nnen. Von der Instandhaltung der Ger\u00e4te \u00fcber die Pflege des Gel\u00e4ndes bis hin zu notwendigen Anschaffungen \u2013 all das wird durch Ihre Mitgliedsbeitr\u00e4ge und Kursgeb\u00fchren m\u00f6glich gemacht.<\/p>\n\n\n\n<p><strong>Herzlichen Dank daf\u00fcr!<\/strong> Ihre Unterst\u00fctzung erm\u00f6glicht es uns, Ihnen und Ihren Vierbeinern einen sch\u00f6nen, sicheren Trainingsplatz zu bieten.<\/p>\n\n\n\n<p><strong>Besonders stolz sind wir darauf:<\/strong> Alle bei uns \u2013 von der Vereinsleitung \u00fcber unsere Trainerinnen und Trainer bis zu unseren flei\u00dfigen Helfern \u2013 arbeiten <strong>ehrenamtlich<\/strong> und mit viel Herzblut. Es fallen also keine Personalkosten an, und Ihr Beitrag kommt direkt Ihrem Training und unserem Platz zugute.<\/p>\n","protected":false},"excerpt":{"rendered":"<p>Werden Sie Teil unserer Hundefamilie! Sie m\u00f6chten Mitglied beim \u00d6GV Leobersdorf werden? Wunderbar! Kommen Sie doch einfach mit Ihrem Vierbeiner zu einer unverbindlichen Schnupperstunde vorbei \u2013 so k\u00f6nnen Sie uns und unser Training kennenlernen. Wenn es Ihnen und Ihrem Hund bei uns gef\u00e4llt, bekommen Sie von uns ein Anmeldeformular. Einfach ausf\u00fcllen, gemeinsam mit der Einschreibgeb\u00fchr und dem Mitgliedsbeitrag bei uns abgeben \u2013 und schon geh\u00f6ren Sie zu unserem Team! Unsere Mitgliedsbeitr\u00e4ge: Als Mitglied steht Ihnen unser gesamtes Kursangebot offen! Kursgeb\u00fchren: Die meisten Kurse kosten \u20ac 10,&#8211; pro Monat. Unsere Welpenkurse sind f\u00fcr Mitglieder kostenlos \u2013 denn ein guter Start ist uns wichtig! Gut zu wissen: Auch weitere Familienmitglieder k\u00f6nnen bei uns mitmachen! F\u00fcr Anschlussmitgliedschaften betr\u00e4gt der Jahresbeitrag nur \u20ac 20,&#8211;. Wir freuen uns darauf, Sie und Ihren treuen Begleiter bei uns begr\u00fc\u00dfen zu d\u00fcrfen! Transparenz liegt uns am Herzen \u2013 wohin flie\u00dfen die Beitr\u00e4ge? Ihre Mitgliedsbeitr\u00e4ge sind eine wichtige Unterst\u00fctzung&hellip;<\/p>\n<p> <a class=\"more-link\" href=\"https:\/\/www.oegv-leobersdorf.at\/?page_id=131\">Weiterlesen<\/a><\/p>\n","protected":false},"author":1,"featured_media":0,"parent":26,"menu_order":2,"comment_status":"closed","ping_status":"closed","template":"","meta":{"footnotes":""},"class_list":["post-131","page","type-page","status-publish"],"_links":{"self":[{"href":"https:\/\/www.oegv-leobersdorf.at\/index.php?rest_route=\/wp\/v2\/pages\/131","targetHints":{"allow":["GET"]}}],"collection":[{"href":"https:\/\/www.oegv-leobersdorf.at\/index.php?rest_route=\/wp\/v2\/pages"}],"about":[{"href":"https:\/\/www.oegv-leobersdorf.at\/index.php?rest_route=\/wp\/v2\/types\/page"}],"author":[{"embeddable":true,"href":"https:\/\/www.oegv-leobersdorf.at\/index.php?rest_route=\/wp\/v2\/users\/1"}],"replies":[{"embeddable":true,"href":"https:\/\/www.oegv-leobersdorf.at\/index.php?rest_route=%2Fwp%2Fv2%2Fcomments&post=131"}],"version-history":[{"count":5,"href":"https:\/\/www.oegv-leobersdorf.at\/index.php?rest_route=\/wp\/v2\/pages\/131\/revisions"}],"predecessor-version":[{"id":948,"href":"https:\/\/www.oegv-leobersdorf.at\/index.php?rest_route=\/wp\/v2\/pages\/131\/revisions\/948"}],"up":[{"embeddable":true,"href":"https:\/\/www.oegv-leobersdorf.at\/index.php?rest_route=\/wp\/v2\/pages\/26"}],"wp:attachment":[{"href":"https:\/\/www.oegv-leobersdorf.at\/index.php?rest_route=%2Fwp%2Fv2%2Fmedia&parent=131"}],"curies":[{"name":"wp","href":"https:\/\/api.w.org\/{rel}","templated":true}]}}