{"id":129,"date":"2024-04-03T12:02:24","date_gmt":"2024-04-03T10:02:24","guid":{"rendered":"https:\/\/www.oegv-leobersdorf.at\/?page_id=129"},"modified":"2026-02-01T20:59:42","modified_gmt":"2026-02-01T19:59:42","slug":"hundesport","status":"publish","type":"page","link":"https:\/\/www.oegv-leobersdorf.at\/?page_id=129","title":{"rendered":"Welpen"},"content":{"rendered":"\n<h2 class=\"wp-block-heading\">Welpenkurs<\/h2>\n\n\n\n<div class=\"wp-block-media-text has-media-on-the-right is-stacked-on-mobile\"><div class=\"wp-block-media-text__content\">\n<p>Die ersten Monate sind die wichtigsten im Leben Ihres Hundes! In unserem Welpenkurs legen Sie gemeinsam den Grundstein f\u00fcr eine vertrauensvolle Beziehung und eine erfolgreiche Erziehung.<\/p>\n\n\n\n<h5 class=\"wp-block-heading\">F\u00fcr Welpen ab 8 Wochen bis ca. 6 Monate<\/h5>\n\n\n\n<p>In dieser pr\u00e4genden Phase lernt Ihr Welpe spielerisch die Welt kennen. Unser Kurs bietet die perfekte Umgebung, um erste wichtige Erfahrungen zu sammeln \u2013 mit Artgenossen, mit verschiedenen Menschen und mit neuen Situationen.<\/p>\n<\/div><figure class=\"wp-block-media-text__media\"><img loading=\"lazy\" decoding=\"async\" width=\"1024\" height=\"1537\" src=\"https:\/\/www.oegv-leobersdorf.at\/wp-content\/uploads\/WhatsApp-Image-2026-02-01-at-19.20.55-1-1024x1537.jpeg\" alt=\"\" class=\"wp-image-1125 size-full\" srcset=\"https:\/\/www.oegv-leobersdorf.at\/wp-content\/uploads\/WhatsApp-Image-2026-02-01-at-19.20.55-1-1024x1537.jpeg 1024w, https:\/\/www.oegv-leobersdorf.at\/wp-content\/uploads\/WhatsApp-Image-2026-02-01-at-19.20.55-1-500x750.jpeg 500w, https:\/\/www.oegv-leobersdorf.at\/wp-content\/uploads\/WhatsApp-Image-2026-02-01-at-19.20.55-1-300x450.jpeg 300w, https:\/\/www.oegv-leobersdorf.at\/wp-content\/uploads\/WhatsApp-Image-2026-02-01-at-19.20.55-1-768x1153.jpeg 768w, https:\/\/www.oegv-leobersdorf.at\/wp-content\/uploads\/WhatsApp-Image-2026-02-01-at-19.20.55-1-1023x1536.jpeg 1023w, https:\/\/www.oegv-leobersdorf.at\/wp-content\/uploads\/WhatsApp-Image-2026-02-01-at-19.20.55-1.jpeg 1066w\" sizes=\"auto, (max-width: 1024px) 100vw, 1024px\" \/><\/figure><\/div>\n\n\n\n<div class=\"wp-block-media-text is-stacked-on-mobile\"><figure class=\"wp-block-media-text__media\"><img loading=\"lazy\" decoding=\"async\" width=\"1024\" height=\"1365\" src=\"https:\/\/www.oegv-leobersdorf.at\/wp-content\/uploads\/WhatsApp-Image-2026-02-01-at-19.24.48-1-1024x1365.jpeg\" alt=\"\" class=\"wp-image-1127 size-full\" srcset=\"https:\/\/www.oegv-leobersdorf.at\/wp-content\/uploads\/WhatsApp-Image-2026-02-01-at-19.24.48-1-1024x1365.jpeg 1024w, https:\/\/www.oegv-leobersdorf.at\/wp-content\/uploads\/WhatsApp-Image-2026-02-01-at-19.24.48-1-500x667.jpeg 500w, https:\/\/www.oegv-leobersdorf.at\/wp-content\/uploads\/WhatsApp-Image-2026-02-01-at-19.24.48-1-300x400.jpeg 300w, https:\/\/www.oegv-leobersdorf.at\/wp-content\/uploads\/WhatsApp-Image-2026-02-01-at-19.24.48-1-768x1024.jpeg 768w, https:\/\/www.oegv-leobersdorf.at\/wp-content\/uploads\/WhatsApp-Image-2026-02-01-at-19.24.48-1-1152x1536.jpeg 1152w, https:\/\/www.oegv-leobersdorf.at\/wp-content\/uploads\/WhatsApp-Image-2026-02-01-at-19.24.48-1-1536x2048.jpeg 1536w, https:\/\/www.oegv-leobersdorf.at\/wp-content\/uploads\/WhatsApp-Image-2026-02-01-at-19.24.48-1-scaled.jpeg 1920w\" sizes=\"auto, (max-width: 1024px) 100vw, 1024px\" \/><\/figure><div class=\"wp-block-media-text__content\">\n<h5 class=\"wp-block-heading\">Was lernt Ihr Welpe bei uns?<\/h5>\n\n\n\n<p><strong>Sozialverhalten<\/strong><br>Durch den Kontakt mit anderen Welpen lernt Ihr kleiner Vierbeiner den richtigen Umgang mit Artgenossen. Spielerisches Raufen, K\u00f6rpersprache verstehen und Grenzen respektieren \u2013 all das wird hier ge\u00fcbt.<\/p>\n\n\n\n<p><strong>Erste Grundkommandos<\/strong><br>Auf spielerische Weise vermitteln wir die Grundz\u00fcge der Hundeerziehung: einfache Kommandos, erste Schritte zur Leinenf\u00fchrigkeit und Orientierung am Menschen.<\/p>\n\n\n\n<p><strong>Positive Erfahrungen<\/strong><br>Verschiedene Untergr\u00fcnde, neue Ger\u00e4usche, unterschiedliche Situationen \u2013 Ihr Welpe lernt die Welt als spannenden, aber sicheren Ort kennen.<\/p>\n<\/div><\/div>\n\n\n\n<div class=\"wp-block-media-text has-media-on-the-right is-stacked-on-mobile\"><div class=\"wp-block-media-text__content\">\n<h5 class=\"wp-block-heading\">Spiel steht im Vordergrund!<\/h5>\n\n\n\n<p>Bei den Kleinen geht es vor allem um Spa\u00df und positive Erlebnisse. Das Spiel zwischen den Hunden untereinander und mit ihren Menschen steht immer im Mittelpunkt. Denn ein gl\u00fccklicher Welpe lernt am besten!<\/p>\n\n\n\n<h5 class=\"wp-block-heading\">Training mit positiver Motivation<\/h5>\n\n\n\n<p>Wir arbeiten mit Belohnung durch Spiel oder Futter \u2013 ohne Druck, daf\u00fcr mit viel Geduld und Verst\u00e4ndnis f\u00fcr das junge Alter Ihres Hundes.<\/p>\n<\/div><figure class=\"wp-block-media-text__media\"><img loading=\"lazy\" decoding=\"async\" width=\"1024\" height=\"1024\" src=\"https:\/\/www.oegv-leobersdorf.at\/wp-content\/uploads\/WhatsApp-Image-2026-02-01-at-19.18.32-1024x1024.jpeg\" alt=\"\" class=\"wp-image-1128 size-full\" srcset=\"https:\/\/www.oegv-leobersdorf.at\/wp-content\/uploads\/WhatsApp-Image-2026-02-01-at-19.18.32-1024x1024.jpeg 1024w, https:\/\/www.oegv-leobersdorf.at\/wp-content\/uploads\/WhatsApp-Image-2026-02-01-at-19.18.32-500x500.jpeg 500w, https:\/\/www.oegv-leobersdorf.at\/wp-content\/uploads\/WhatsApp-Image-2026-02-01-at-19.18.32-300x300.jpeg 300w, https:\/\/www.oegv-leobersdorf.at\/wp-content\/uploads\/WhatsApp-Image-2026-02-01-at-19.18.32-768x768.jpeg 768w, https:\/\/www.oegv-leobersdorf.at\/wp-content\/uploads\/WhatsApp-Image-2026-02-01-at-19.18.32.jpeg 1440w\" sizes=\"auto, (max-width: 1024px) 100vw, 1024px\" \/><\/figure><\/div>\n\n\n\n<p class=\"has-text-align-center\"><strong>Investieren Sie jetzt in die Zukunft \u2013 f\u00fcr ein harmonisches Leben mit Ihrem Hund!<\/strong><\/p>\n\n\n\n<p class=\"has-text-align-center\"><strong>Hier finden Sie unsere Kurszeiten: <\/strong><\/p>\n\n\n\n<div class=\"wp-block-buttons is-content-justification-center is-layout-flex wp-container-core-buttons-is-layout-16018d1d wp-block-buttons-is-layout-flex\">\n<div class=\"wp-block-button\"><a class=\"wp-block-button__link wp-element-button\" href=\"https:\/\/www.oegv-leobersdorf.at\/?page_id=1005\">Unterordnung Kursplan<\/a><\/div>\n<\/div>\n","protected":false},"excerpt":{"rendered":"<p>Welpenkurs Die ersten Monate sind die wichtigsten im Leben Ihres Hundes! In unserem Welpenkurs legen Sie gemeinsam den Grundstein f\u00fcr eine vertrauensvolle Beziehung und eine erfolgreiche Erziehung. F\u00fcr Welpen ab 8 Wochen bis ca. 6 Monate In dieser pr\u00e4genden Phase lernt Ihr Welpe spielerisch die Welt kennen. Unser Kurs bietet die perfekte Umgebung, um erste wichtige Erfahrungen zu sammeln \u2013 mit Artgenossen, mit verschiedenen Menschen und mit neuen Situationen. Was lernt Ihr Welpe bei uns? SozialverhaltenDurch den Kontakt mit anderen Welpen lernt Ihr kleiner Vierbeiner den richtigen Umgang mit Artgenossen. Spielerisches Raufen, K\u00f6rpersprache verstehen und Grenzen respektieren \u2013 all das wird hier ge\u00fcbt. Erste GrundkommandosAuf spielerische Weise vermitteln wir die Grundz\u00fcge der Hundeerziehung: einfache Kommandos, erste Schritte zur Leinenf\u00fchrigkeit und Orientierung am Menschen. Positive ErfahrungenVerschiedene Untergr\u00fcnde, neue Ger\u00e4usche, unterschiedliche Situationen \u2013 Ihr Welpe lernt die Welt als spannenden, aber sicheren Ort kennen. Spiel steht im Vordergrund! Bei den Kleinen geht&hellip;<\/p>\n<p> <a class=\"more-link\" href=\"https:\/\/www.oegv-leobersdorf.at\/?page_id=129\">Weiterlesen<\/a><\/p>\n","protected":false},"author":1,"featured_media":0,"parent":14,"menu_order":9,"comment_status":"closed","ping_status":"closed","template":"","meta":{"footnotes":""},"class_list":["post-129","page","type-page","status-publish"],"_links":{"self":[{"href":"https:\/\/www.oegv-leobersdorf.at\/index.php?rest_route=\/wp\/v2\/pages\/129","targetHints":{"allow":["GET"]}}],"collection":[{"href":"https:\/\/www.oegv-leobersdorf.at\/index.php?rest_route=\/wp\/v2\/pages"}],"about":[{"href":"https:\/\/www.oegv-leobersdorf.at\/index.php?rest_route=\/wp\/v2\/types\/page"}],"author":[{"embeddable":true,"href":"https:\/\/www.oegv-leobersdorf.at\/index.php?rest_route=\/wp\/v2\/users\/1"}],"replies":[{"embeddable":true,"href":"https:\/\/www.oegv-leobersdorf.at\/index.php?rest_route=%2Fwp%2Fv2%2Fcomments&post=129"}],"version-history":[{"count":10,"href":"https:\/\/www.oegv-leobersdorf.at\/index.php?rest_route=\/wp\/v2\/pages\/129\/revisions"}],"predecessor-version":[{"id":1133,"href":"https:\/\/www.oegv-leobersdorf.at\/index.php?rest_route=\/wp\/v2\/pages\/129\/revisions\/1133"}],"up":[{"embeddable":true,"href":"https:\/\/www.oegv-leobersdorf.at\/index.php?rest_route=\/wp\/v2\/pages\/14"}],"wp:attachment":[{"href":"https:\/\/www.oegv-leobersdorf.at\/index.php?rest_route=%2Fwp%2Fv2%2Fmedia&parent=129"}],"curies":[{"name":"wp","href":"https:\/\/api.w.org\/{rel}","templated":true}]}}