{"id":127,"date":"2024-04-03T12:01:17","date_gmt":"2024-04-03T10:01:17","guid":{"rendered":"https:\/\/www.oegv-leobersdorf.at\/?page_id=127"},"modified":"2026-03-23T18:33:42","modified_gmt":"2026-03-23T17:33:42","slug":"termine","status":"publish","type":"page","link":"https:\/\/www.oegv-leobersdorf.at\/?page_id=127","title":{"rendered":"Termine"},"content":{"rendered":"\n<h3 class=\"wp-block-heading\">Termine<\/h3>\n\n\n\n<p><mark style=\"background-color:rgba(0, 0, 0, 0)\" class=\"has-inline-color has-black-color\"><strong>Unsere Termine f\u00fcr das Jahr 2026:<\/strong><\/mark><\/p>\n\n\n\n<figure class=\"wp-block-table\"><table class=\"has-fixed-layout\"><tbody><tr><td>Jahresvollversammlung<\/td><td>1. Februar 2026<\/td><\/tr><tr><td>Fr\u00fchjahrs Kursbeginn<\/td><td>28. Februar 2026<\/td><\/tr><tr><td>Kursleiter Pr\u00fcfung<\/td><td>1. M\u00e4rz 2026<\/td><\/tr><tr><td>Agility Veranstaltung<\/td><td>22. M\u00e4rz 2026<\/td><\/tr><tr><td>Agility Kursleiter Seminar<\/td><td>11.\/12. April 2026<\/td><\/tr><tr><td>Seminar mit Timo<\/td><td>16.\/17. Mai 2026<\/td><\/tr><tr><td>1. Sachkundenachweis Vortrag<\/td><td>20.Juni 2026<\/td><\/tr><tr><td>1. Ortsgruppen Pr\u00fcfung<\/td><td>27. Juni 2026<\/td><\/tr><tr><td>Ferienspiel<\/td><td>Juli 2026<\/td><\/tr><tr><td>Herbstkurs Beginn<\/td><td>29. August 2026<\/td><\/tr><tr><td>Agility Veranstaltung<\/td><td>12. September 2026<\/td><\/tr><tr><td>Triestingtal Turnier<\/td><td>19.\/20. September 2026<\/td><\/tr><tr><td>Wandertag<\/td><td>26. Oktober 2026<\/td><\/tr><tr><td>2. Sachkundenachweis Vortrag<\/td><td>7. November 2026<\/td><\/tr><tr><td>2. Ortsgruppen Pr\u00fcfung<\/td><td>14. November 2026<\/td><\/tr><tr><td>Weihnachsfeier<\/td><td>12. Dezember 2026<\/td><\/tr><tr><td>Silvester Wanderung<\/td><td>31. Dezember 2026<\/td><\/tr><\/tbody><\/table><\/figure>\n","protected":false},"excerpt":{"rendered":"<p>Termine Unsere Termine f\u00fcr das Jahr 2026: Jahresvollversammlung 1. Februar 2026 Fr\u00fchjahrs Kursbeginn 28. Februar 2026 Kursleiter Pr\u00fcfung 1. M\u00e4rz 2026 Agility Veranstaltung 22. M\u00e4rz 2026 Agility Kursleiter Seminar 11.\/12. April 2026 Seminar mit Timo 16.\/17. Mai 2026 1. Sachkundenachweis Vortrag 20.Juni 2026 1. Ortsgruppen Pr\u00fcfung 27. Juni 2026 Ferienspiel Juli 2026 Herbstkurs Beginn 29. August 2026 Agility Veranstaltung 12. September 2026 Triestingtal Turnier 19.\/20. September 2026 Wandertag 26. Oktober 2026 2. Sachkundenachweis Vortrag 7. November 2026 2. Ortsgruppen Pr\u00fcfung 14. November 2026 Weihnachsfeier 12. Dezember 2026 Silvester Wanderung 31. Dezember 2026<\/p>\n","protected":false},"author":1,"featured_media":0,"parent":20,"menu_order":1,"comment_status":"closed","ping_status":"closed","template":"","meta":{"footnotes":""},"class_list":["post-127","page","type-page","status-publish"],"_links":{"self":[{"href":"https:\/\/www.oegv-leobersdorf.at\/index.php?rest_route=\/wp\/v2\/pages\/127","targetHints":{"allow":["GET"]}}],"collection":[{"href":"https:\/\/www.oegv-leobersdorf.at\/index.php?rest_route=\/wp\/v2\/pages"}],"about":[{"href":"https:\/\/www.oegv-leobersdorf.at\/index.php?rest_route=\/wp\/v2\/types\/page"}],"author":[{"embeddable":true,"href":"https:\/\/www.oegv-leobersdorf.at\/index.php?rest_route=\/wp\/v2\/users\/1"}],"replies":[{"embeddable":true,"href":"https:\/\/www.oegv-leobersdorf.at\/index.php?rest_route=%2Fwp%2Fv2%2Fcomments&post=127"}],"version-history":[{"count":22,"href":"https:\/\/www.oegv-leobersdorf.at\/index.php?rest_route=\/wp\/v2\/pages\/127\/revisions"}],"predecessor-version":[{"id":1321,"href":"https:\/\/www.oegv-leobersdorf.at\/index.php?rest_route=\/wp\/v2\/pages\/127\/revisions\/1321"}],"up":[{"embeddable":true,"href":"https:\/\/www.oegv-leobersdorf.at\/index.php?rest_route=\/wp\/v2\/pages\/20"}],"wp:attachment":[{"href":"https:\/\/www.oegv-leobersdorf.at\/index.php?rest_route=%2Fwp%2Fv2%2Fmedia&parent=127"}],"curies":[{"name":"wp","href":"https:\/\/api.w.org\/{rel}","templated":true}]}}