{"id":125,"date":"2024-04-03T11:54:40","date_gmt":"2024-04-03T09:54:40","guid":{"rendered":"https:\/\/www.oegv-leobersdorf.at\/?page_id=125"},"modified":"2026-02-01T18:34:43","modified_gmt":"2026-02-01T17:34:43","slug":"agility-kursplan","status":"publish","type":"page","link":"https:\/\/www.oegv-leobersdorf.at\/?page_id=125","title":{"rendered":"Agility Kursplan"},"content":{"rendered":"\n<h3 class=\"wp-block-heading\">Agility Kursplan<\/h3>\n\n\n\n<figure class=\"wp-block-table\"><table><tbody><tr><td>Montag<\/td><td>Turniergruppe<\/td><td>17.00 &#8211; 21.00 Uhr<\/td><td>Jasmin\/Caro<\/td><td>April &#8211; September<\/td><\/tr><tr><td>Dienstag<\/td><td>Turniergruppe Migthy Dogs<\/td><td>16.00 &#8211; 21.00 Uhr<\/td><td>Claudia<\/td><td>April &#8211; September<\/td><\/tr><tr><td>Mittwoch<\/td><td>Turniergruppe Migthy Dogs<\/td><td>16.00 &#8211; 21.00 Uhr<\/td><td>Claudia<\/td><td>April &#8211; September<\/td><\/tr><tr><td>Donnerstag<\/td><td><\/td><td><\/td><td><\/td><td><\/td><\/tr><tr><td>Freitag<\/td><td>Turniergruppe<\/td><td>16.00 &#8211; 21.00 Uhr<\/td><td>Jasmin\/Caro<\/td><td>Ganzj\u00e4hrig<\/td><\/tr><tr><td>Samstag<\/td><td>Turniergruppe Migthy Dogs<\/td><td>08.00 &#8211; 14.30 Uhr<\/td><td>Claudia<\/td><td>April &#8211; Oktober<\/td><\/tr><tr><td>Samstag<\/td><td>Anf\u00e4ngergruppe<\/td><td>15.00 &#8211; 18.00 Uhr<\/td><td>Jasmin\/Caro<\/td><td>Ganzj\u00e4hrig<\/td><\/tr><\/tbody><\/table><\/figure>\n\n\n\n<p class=\"has-text-align-center\">F\u00fcr ein <strong><strong>Agility Anf\u00e4ngertraining <\/strong><\/strong>nehmen Sie bitte Kontakt auf mit <br>Jasmin \/ Caro +43 670 604 11 00.<\/p>\n","protected":false},"excerpt":{"rendered":"<p>Agility Kursplan Montag Turniergruppe 17.00 &#8211; 21.00 Uhr Jasmin\/Caro April &#8211; September Dienstag Turniergruppe Migthy Dogs 16.00 &#8211; 21.00 Uhr Claudia April &#8211; September Mittwoch Turniergruppe Migthy Dogs 16.00 &#8211; 21.00 Uhr Claudia April &#8211; September Donnerstag Freitag Turniergruppe 16.00 &#8211; 21.00 Uhr Jasmin\/Caro Ganzj\u00e4hrig Samstag Turniergruppe Migthy Dogs 08.00 &#8211; 14.30 Uhr Claudia April &#8211; Oktober Samstag Anf\u00e4ngergruppe 15.00 &#8211; 18.00 Uhr Jasmin\/Caro Ganzj\u00e4hrig F\u00fcr ein Agility Anf\u00e4ngertraining nehmen Sie bitte Kontakt auf mit Jasmin \/ Caro +43 670 604 11 00.<\/p>\n","protected":false},"author":2,"featured_media":0,"parent":14,"menu_order":2,"comment_status":"closed","ping_status":"closed","template":"","meta":{"footnotes":""},"class_list":["post-125","page","type-page","status-publish"],"_links":{"self":[{"href":"https:\/\/www.oegv-leobersdorf.at\/index.php?rest_route=\/wp\/v2\/pages\/125","targetHints":{"allow":["GET"]}}],"collection":[{"href":"https:\/\/www.oegv-leobersdorf.at\/index.php?rest_route=\/wp\/v2\/pages"}],"about":[{"href":"https:\/\/www.oegv-leobersdorf.at\/index.php?rest_route=\/wp\/v2\/types\/page"}],"author":[{"embeddable":true,"href":"https:\/\/www.oegv-leobersdorf.at\/index.php?rest_route=\/wp\/v2\/users\/2"}],"replies":[{"embeddable":true,"href":"https:\/\/www.oegv-leobersdorf.at\/index.php?rest_route=%2Fwp%2Fv2%2Fcomments&post=125"}],"version-history":[{"count":13,"href":"https:\/\/www.oegv-leobersdorf.at\/index.php?rest_route=\/wp\/v2\/pages\/125\/revisions"}],"predecessor-version":[{"id":1031,"href":"https:\/\/www.oegv-leobersdorf.at\/index.php?rest_route=\/wp\/v2\/pages\/125\/revisions\/1031"}],"up":[{"embeddable":true,"href":"https:\/\/www.oegv-leobersdorf.at\/index.php?rest_route=\/wp\/v2\/pages\/14"}],"wp:attachment":[{"href":"https:\/\/www.oegv-leobersdorf.at\/index.php?rest_route=%2Fwp%2Fv2%2Fmedia&parent=125"}],"curies":[{"name":"wp","href":"https:\/\/api.w.org\/{rel}","templated":true}]}}