{"id":10,"date":"2024-03-25T18:37:42","date_gmt":"2024-03-25T17:37:42","guid":{"rendered":"https:\/\/www.oegv-leobersdorf.at\/wp\/?page_id=10"},"modified":"2026-03-01T15:57:07","modified_gmt":"2026-03-01T14:57:07","slug":"home","status":"publish","type":"page","link":"https:\/\/www.oegv-leobersdorf.at\/","title":{"rendered":"Home"},"content":{"rendered":"\n<h3 class=\"wp-block-heading has-text-align-center\">Willkommen bei der <br>Hundeschule \u00d6GV Leobersdorf&nbsp;<\/h3>\n\n\n\n<p class=\"has-text-align-center\">&nbsp;Hier lernen Mensch und Hund gemeinsam \u2013 mit Freude, Vertrauen und starker Bindung.&nbsp;<br><\/p>\n\n\n\n<p class=\"has-text-align-center\">Ob Welpen, Alltag, Grund oder Fortgeschrittenentraining: Wir begleiten euch auf dem Weg zu einem harmonischen Miteinander. In vertrauensvoller Atmosph\u00e4re, mit viel Fachwissen und einer gro\u00dfen Portion Herz.&nbsp;<br><\/p>\n\n\n\n<p class=\"has-text-align-center\"><strong>&nbsp;Als Team wachsen. Als Team gewinnen.&nbsp;<\/strong><\/p>\n\n\n\n<h3 class=\"wp-block-heading has-text-align-center\">Wir sind f\u00fcr Sie da<\/h3>\n\n\n\n<h5 class=\"wp-block-heading has-text-align-center\">Kursplan Unterordnung 2026<\/h5>\n\n\n\n<p class=\"has-text-align-center\"><mark style=\"background-color:rgba(0, 0, 0, 0)\" class=\"has-inline-color has-vivid-red-color\"><strong>ab 28. Februar 2026<\/strong><\/mark><\/p>\n\n\n\n<figure class=\"wp-block-table\"><table class=\"has-fixed-layout\"><tbody><tr><td><strong>Welpen<\/strong><\/td><td>Mittwoch                           <\/td><td>17:00 bis 18:00 Uhr<\/td><\/tr><tr><td><\/td><td>Samstag<\/td><td>16:00 bis 17:00 Uhr<\/td><\/tr><tr><td><strong>Begleithunde (BH)<\/strong><\/td><td>Dienstag<\/td><td>17:00 bis 18:00 Uhr<\/td><\/tr><tr><td><\/td><td>Samstag<\/td><td>15:00 bis 16:00 Uhr<\/td><\/tr><tr><td><strong>Kleine Hunderassen<\/strong><\/td><td>Montag<\/td><td>17:00 bis 18:00 Uhr<\/td><\/tr><tr><td><strong>IBGH-1<\/strong><\/td><td>Dienstag<\/td><td>18:00 bis 19:00 Uhr<\/td><\/tr><tr><td><\/td><td>Samstag<\/td><td>16:00 bis 17:00 Uhr<\/td><\/tr><tr><td><strong>IBGH-2\/3<\/strong><\/td><td>Mittwoch<\/td><td>17:00 bis 18:00 Uhr<\/td><\/tr><tr><td><\/td><td>Samstag<\/td><td>17:00 bis 18:00 Uhr<\/td><\/tr><tr><td><strong>Turnierhunde<\/strong><\/td><td>Montag<\/td><td>17:00 bis 18:00 Uhr<\/td><\/tr><tr><td><\/td><td>Donnerstag<\/td><td>18:00 bis 19:00 Uhr<\/td><\/tr><\/tbody><\/table><\/figure>\n\n\n\n<hr class=\"wp-block-separator has-alpha-channel-opacity\"\/>\n\n\n\n<p><\/p>\n\n\n\n<h5 class=\"wp-block-heading has-text-align-center\">Agility Kursplan<\/h5>\n\n\n\n<figure class=\"wp-block-table\"><table><tbody><tr><td>Montag<\/td><td>Turniergruppe<\/td><td>17.00 &#8211; 21.00 Uhr<\/td><td>Jasmin\/Caro<\/td><td>April &#8211; September<\/td><\/tr><tr><td>Dienstag<\/td><td>Turniergruppe Migthy Dogs<\/td><td>16.00 &#8211; 21.00 Uhr<\/td><td>Claudia<\/td><td>April &#8211; September<\/td><\/tr><tr><td>Mittwoch<\/td><td>Turniergruppe Migthy Dogs<\/td><td>16.00 &#8211; 21.00 Uhr<\/td><td>Claudia<\/td><td>April &#8211; September<\/td><\/tr><tr><td>Donnerstag<\/td><td><\/td><td><\/td><td><\/td><td><\/td><\/tr><tr><td>Freitag<\/td><td>Turniergruppe<\/td><td>16.00 &#8211; 21.00 Uhr<\/td><td>Jasmin\/Caro<\/td><td>Ganzj\u00e4hrig<\/td><\/tr><tr><td>Samstag<\/td><td>Turniergruppe Migthy Dogs<\/td><td>08.00 &#8211; 14.30 Uhr<\/td><td>Claudia<\/td><td>April &#8211; Oktober<\/td><\/tr><tr><td>Samstag<\/td><td>Anf\u00e4ngergruppe<\/td><td>15.00 &#8211; 18.00 Uhr<\/td><td>Jasmin\/Caro<\/td><td>Ganzj\u00e4hrig<\/td><\/tr><\/tbody><\/table><\/figure>\n","protected":false},"excerpt":{"rendered":"<p>Willkommen bei der Hundeschule \u00d6GV Leobersdorf&nbsp; &nbsp;Hier lernen Mensch und Hund gemeinsam \u2013 mit Freude, Vertrauen und starker Bindung.&nbsp; Ob Welpen, Alltag, Grund oder Fortgeschrittenentraining: Wir begleiten euch auf dem Weg zu einem harmonischen Miteinander. In vertrauensvoller Atmosph\u00e4re, mit viel Fachwissen und einer gro\u00dfen Portion Herz.&nbsp; &nbsp;Als Team wachsen. Als Team gewinnen.&nbsp; Wir sind f\u00fcr Sie da Kursplan Unterordnung 2026 ab 28. Februar 2026 Welpen Mittwoch 17:00 bis 18:00 Uhr Samstag 16:00 bis 17:00 Uhr Begleithunde (BH) Dienstag 17:00 bis 18:00 Uhr Samstag 15:00 bis 16:00 Uhr Kleine Hunderassen Montag 17:00 bis 18:00 Uhr IBGH-1 Dienstag 18:00 bis 19:00 Uhr Samstag 16:00 bis 17:00 Uhr IBGH-2\/3 Mittwoch 17:00 bis 18:00 Uhr Samstag 17:00 bis 18:00 Uhr Turnierhunde Montag 17:00 bis 18:00 Uhr Donnerstag 18:00 bis 19:00 Uhr Agility Kursplan Montag Turniergruppe 17.00 &#8211; 21.00 Uhr Jasmin\/Caro April &#8211; September Dienstag Turniergruppe Migthy Dogs 16.00 &#8211; 21.00 Uhr Claudia April &#8211;&hellip;<\/p>\n<p> <a class=\"more-link\" href=\"https:\/\/www.oegv-leobersdorf.at\/\">Weiterlesen<\/a><\/p>\n","protected":false},"author":1,"featured_media":0,"parent":0,"menu_order":0,"comment_status":"closed","ping_status":"closed","template":"","meta":{"footnotes":""},"class_list":["post-10","page","type-page","status-publish"],"_links":{"self":[{"href":"https:\/\/www.oegv-leobersdorf.at\/index.php?rest_route=\/wp\/v2\/pages\/10","targetHints":{"allow":["GET"]}}],"collection":[{"href":"https:\/\/www.oegv-leobersdorf.at\/index.php?rest_route=\/wp\/v2\/pages"}],"about":[{"href":"https:\/\/www.oegv-leobersdorf.at\/index.php?rest_route=\/wp\/v2\/types\/page"}],"author":[{"embeddable":true,"href":"https:\/\/www.oegv-leobersdorf.at\/index.php?rest_route=\/wp\/v2\/users\/1"}],"replies":[{"embeddable":true,"href":"https:\/\/www.oegv-leobersdorf.at\/index.php?rest_route=%2Fwp%2Fv2%2Fcomments&post=10"}],"version-history":[{"count":100,"href":"https:\/\/www.oegv-leobersdorf.at\/index.php?rest_route=\/wp\/v2\/pages\/10\/revisions"}],"predecessor-version":[{"id":1267,"href":"https:\/\/www.oegv-leobersdorf.at\/index.php?rest_route=\/wp\/v2\/pages\/10\/revisions\/1267"}],"wp:attachment":[{"href":"https:\/\/www.oegv-leobersdorf.at\/index.php?rest_route=%2Fwp%2Fv2%2Fmedia&parent=10"}],"curies":[{"name":"wp","href":"https:\/\/api.w.org\/{rel}","templated":true}]}}